{"id":10605,"date":"2022-06-17T20:08:25","date_gmt":"2022-06-17T23:08:25","guid":{"rendered":"https:\/\/fundacaofemar.org.br\/portalwordpress\/?page_id=10605"},"modified":"2022-06-17T20:44:45","modified_gmt":"2022-06-17T23:44:45","slug":"proaticons","status":"publish","type":"page","link":"https:\/\/fundacaofemar.org.br\/portalwordpress\/responsabilidade-social\/proaticons\/","title":{"rendered":"PROATICONS"},"content":{"rendered":"<div class=\"post-content\">\t\t<div data-elementor-type=\"wp-page\" data-elementor-id=\"10605\" class=\"elementor elementor-10605\">\n\t\t\t\t\t\t<section class=\"elementor-section elementor-top-section elementor-element elementor-element-6204fae1 elementor-section-boxed elementor-section-height-default elementor-section-height-default\" data-id=\"6204fae1\" data-element_type=\"section\">\n\t\t\t\t\t\t<div class=\"elementor-container elementor-column-gap-default\">\n\t\t\t\t\t<div class=\"elementor-column elementor-col-100 elementor-top-column elementor-element elementor-element-5187649c\" data-id=\"5187649c\" data-element_type=\"column\" data-settings=\"{&quot;background_background&quot;:&quot;classic&quot;}\">\n\t\t\t<div class=\"elementor-widget-wrap elementor-element-populated\">\n\t\t\t\t\t\t<div class=\"elementor-element elementor-element-5b8b73e4 elementor-widget elementor-widget-heading\" data-id=\"5b8b73e4\" data-element_type=\"widget\" data-widget_type=\"heading.default\">\n\t\t\t\t<div class=\"elementor-widget-container\">\n\t\t\t\t\t<h2 class=\"elementor-heading-title elementor-size-default\">PROJETO ATIVIDADES DE CONSCIENTIZA\u00c7\u00c3O<\/h2>\t\t\t\t<\/div>\n\t\t\t\t<\/div>\n\t\t\t\t<div class=\"elementor-element elementor-element-1d1beb64 elementor-widget elementor-widget-heading\" data-id=\"1d1beb64\" data-element_type=\"widget\" data-widget_type=\"heading.default\">\n\t\t\t\t<div class=\"elementor-widget-container\">\n\t\t\t\t\t<h2 class=\"elementor-heading-title elementor-size-default\">PROATICONS<\/h2>\t\t\t\t<\/div>\n\t\t\t\t<\/div>\n\t\t\t\t<div class=\"elementor-element elementor-element-5f2a4fca elementor-widget-divider--view-line elementor-widget elementor-widget-divider\" data-id=\"5f2a4fca\" data-element_type=\"widget\" data-widget_type=\"divider.default\">\n\t\t\t\t<div class=\"elementor-widget-container\">\n\t\t\t\t\t\t\t<div class=\"elementor-divider\">\n\t\t\t<span class=\"elementor-divider-separator\">\n\t\t\t\t\t\t<\/span>\n\t\t<\/div>\n\t\t\t\t\t\t<\/div>\n\t\t\t\t<\/div>\n\t\t\t\t\t<\/div>\n\t\t<\/div>\n\t\t\t\t\t<\/div>\n\t\t<\/section>\n\t\t\t\t<section class=\"elementor-section elementor-top-section elementor-element elementor-element-530e0796 elementor-section-boxed elementor-section-height-default elementor-section-height-default\" data-id=\"530e0796\" data-element_type=\"section\">\n\t\t\t\t\t\t<div class=\"elementor-container elementor-column-gap-default\">\n\t\t\t\t\t<div class=\"elementor-column elementor-col-100 elementor-top-column elementor-element elementor-element-17bf9830\" data-id=\"17bf9830\" data-element_type=\"column\">\n\t\t\t<div class=\"elementor-widget-wrap elementor-element-populated\">\n\t\t\t\t\t\t<div class=\"elementor-element elementor-element-1b55f720 elementor-widget elementor-widget-heading\" data-id=\"1b55f720\" data-element_type=\"widget\" data-widget_type=\"heading.default\">\n\t\t\t\t<div class=\"elementor-widget-container\">\n\t\t\t\t\t<h2 class=\"elementor-heading-title elementor-size-default\">O <b>PROATICONS<\/b> tem a finalidade de difundir o conhecimento sobre a import\u00e2ncia que os oceanos e mares t\u00eam para a humanidade. \n\nPara tanto, s\u00e3o ofertadas diversas atividades de cunho cultural para crian\u00e7as e jovens da cidade do Rio de Janeiro, pois a conscientiza\u00e7\u00e3o \u00e9 o primeiro passo para salvar os oceanos e mares. \n<\/h2>\t\t\t\t<\/div>\n\t\t\t\t<\/div>\n\t\t\t\t<div class=\"elementor-element elementor-element-34eb92b elementor-widget elementor-widget-heading\" data-id=\"34eb92b\" data-element_type=\"widget\" data-widget_type=\"heading.default\">\n\t\t\t\t<div class=\"elementor-widget-container\">\n\t\t\t\t\t<h2 class=\"elementor-heading-title elementor-size-default\">Uma sociedade consciente de seu papel na preserva\u00e7\u00e3o de nossos mares e oceanos tende a mudar seus h\u00e1bitos contribuindo assim para a sustentabilidade. Para acompanhar as atividades do <b>PROATICONS<\/b> acesse o nosso <u><a href=\"https:\/\/fundacaofemar.org.br\/portalwordpress\/category\/news\/\">PORTAL DE NOT\u00cdCIAS<\/a><\/u>.<\/h2>\t\t\t\t<\/div>\n\t\t\t\t<\/div>\n\t\t\t\t<div class=\"elementor-element elementor-element-c17fee4 elementor-widget elementor-widget-image\" data-id=\"c17fee4\" data-element_type=\"widget\" data-widget_type=\"image.default\">\n\t\t\t\t<div class=\"elementor-widget-container\">\n\t\t\t\t\t\t\t\t\t\t\t\t\t\t\t<img fetchpriority=\"high\" decoding=\"async\" width=\"300\" height=\"300\" src=\"https:\/\/fundacaofemar.org.br\/portalwordpress\/wp-content\/uploads\/2022\/06\/thumbnail_PROATICONS-logomarca-300x300.png\" class=\"elementor-animation-grow attachment-medium size-medium wp-image-10601\" alt=\"\" srcset=\"https:\/\/fundacaofemar.org.br\/portalwordpress\/wp-content\/uploads\/2022\/06\/thumbnail_PROATICONS-logomarca-300x300.png 300w, https:\/\/fundacaofemar.org.br\/portalwordpress\/wp-content\/uploads\/2022\/06\/thumbnail_PROATICONS-logomarca-1024x1024.png 1024w, https:\/\/fundacaofemar.org.br\/portalwordpress\/wp-content\/uploads\/2022\/06\/thumbnail_PROATICONS-logomarca-150x150.png 150w, https:\/\/fundacaofemar.org.br\/portalwordpress\/wp-content\/uploads\/2022\/06\/thumbnail_PROATICONS-logomarca-768x768.png 768w, https:\/\/fundacaofemar.org.br\/portalwordpress\/wp-content\/uploads\/2022\/06\/thumbnail_PROATICONS-logomarca.png 1400w\" sizes=\"(max-width: 300px) 100vw, 300px\" \/>\t\t\t\t\t\t\t\t\t\t\t\t\t\t\t<\/div>\n\t\t\t\t<\/div>\n\t\t\t\t\t<\/div>\n\t\t<\/div>\n\t\t\t\t\t<\/div>\n\t\t<\/section>\n\t\t\t\t<section class=\"elementor-section elementor-top-section elementor-element elementor-element-baa8eaf elementor-section-boxed elementor-section-height-default elementor-section-height-default\" data-id=\"baa8eaf\" data-element_type=\"section\">\n\t\t\t\t\t\t<div class=\"elementor-container elementor-column-gap-default\">\n\t\t\t\t\t<div class=\"elementor-column elementor-col-100 elementor-top-column elementor-element elementor-element-80a7fbe\" data-id=\"80a7fbe\" data-element_type=\"column\">\n\t\t\t<div class=\"elementor-widget-wrap elementor-element-populated\">\n\t\t\t\t\t\t<div class=\"elementor-element elementor-element-454da0d elementor-widget elementor-widget-heading\" data-id=\"454da0d\" data-element_type=\"widget\" data-widget_type=\"heading.default\">\n\t\t\t\t<div class=\"elementor-widget-container\">\n\t\t\t\t\t<h2 class=\"elementor-heading-title elementor-size-default\">Galeria<\/h2>\t\t\t\t<\/div>\n\t\t\t\t<\/div>\n\t\t\t\t<div class=\"elementor-element elementor-element-48f95d9 elementor-widget elementor-widget-heading\" data-id=\"48f95d9\" data-element_type=\"widget\" data-widget_type=\"heading.default\">\n\t\t\t\t<div class=\"elementor-widget-container\">\n\t\t\t\t\t<h2 class=\"elementor-heading-title elementor-size-default\">atividades<\/h2>\t\t\t\t<\/div>\n\t\t\t\t<\/div>\n\t\t\t\t<div class=\"elementor-element elementor-element-fabd639 elementor-widget-divider--view-line elementor-widget elementor-widget-divider\" data-id=\"fabd639\" data-element_type=\"widget\" data-widget_type=\"divider.default\">\n\t\t\t\t<div class=\"elementor-widget-container\">\n\t\t\t\t\t\t\t<div class=\"elementor-divider\">\n\t\t\t<span class=\"elementor-divider-separator\">\n\t\t\t\t\t\t<\/span>\n\t\t<\/div>\n\t\t\t\t\t\t<\/div>\n\t\t\t\t<\/div>\n\t\t\t\t\t<\/div>\n\t\t<\/div>\n\t\t\t\t\t<\/div>\n\t\t<\/section>\n\t\t\t\t<section class=\"elementor-section elementor-inner-section elementor-element elementor-element-5d4943d4 elementor-section-boxed elementor-section-height-default elementor-section-height-default\" data-id=\"5d4943d4\" data-element_type=\"section\">\n\t\t\t\t\t\t<div class=\"elementor-container elementor-column-gap-no\">\n\t\t\t\t\t<div class=\"elementor-column elementor-col-50 elementor-inner-column elementor-element elementor-element-5ee5ea92\" data-id=\"5ee5ea92\" data-element_type=\"column\">\n\t\t\t<div class=\"elementor-widget-wrap elementor-element-populated\">\n\t\t\t\t\t\t<div class=\"elementor-element elementor-element-35abbc98 elementor-widget elementor-widget-image\" data-id=\"35abbc98\" data-element_type=\"widget\" data-widget_type=\"image.default\">\n\t\t\t\t<div class=\"elementor-widget-container\">\n\t\t\t\t\t\t\t\t\t\t\t\t\t\t\t\t<a href=\"https:\/\/fundacaofemar.org.br\/portalwordpress\/wp-content\/uploads\/2022\/06\/1.jpg\" data-elementor-open-lightbox=\"yes\" data-elementor-lightbox-title=\"1\" data-e-action-hash=\"#elementor-action%3Aaction%3Dlightbox%26settings%3DeyJpZCI6MTAzNjAsInVybCI6Imh0dHBzOlwvXC9mdW5kYWNhb2ZlbWFyLm9yZy5iclwvcG9ydGFsd29yZHByZXNzXC93cC1jb250ZW50XC91cGxvYWRzXC8yMDIyXC8wNlwvMS5qcGcifQ%3D%3D\">\n\t\t\t\t\t\t\t<img decoding=\"async\" width=\"640\" height=\"360\" src=\"https:\/\/fundacaofemar.org.br\/portalwordpress\/wp-content\/uploads\/2022\/06\/1-1024x576.jpg\" class=\"elementor-animation-float attachment-large size-large wp-image-10360\" alt=\"\" srcset=\"https:\/\/fundacaofemar.org.br\/portalwordpress\/wp-content\/uploads\/2022\/06\/1-1024x576.jpg 1024w, https:\/\/fundacaofemar.org.br\/portalwordpress\/wp-content\/uploads\/2022\/06\/1-300x169.jpg 300w, https:\/\/fundacaofemar.org.br\/portalwordpress\/wp-content\/uploads\/2022\/06\/1-768x432.jpg 768w, https:\/\/fundacaofemar.org.br\/portalwordpress\/wp-content\/uploads\/2022\/06\/1-1536x864.jpg 1536w, https:\/\/fundacaofemar.org.br\/portalwordpress\/wp-content\/uploads\/2022\/06\/1.jpg 1600w\" sizes=\"(max-width: 640px) 100vw, 640px\" \/>\t\t\t\t\t\t\t\t<\/a>\n\t\t\t\t\t\t\t\t\t\t\t\t\t\t\t<\/div>\n\t\t\t\t<\/div>\n\t\t\t\t<section class=\"elementor-section elementor-inner-section elementor-element elementor-element-1b7d4ec5 elementor-section-boxed elementor-section-height-default elementor-section-height-default\" data-id=\"1b7d4ec5\" data-element_type=\"section\">\n\t\t\t\t\t\t<div class=\"elementor-container elementor-column-gap-default\">\n\t\t\t\t\t<div class=\"elementor-column elementor-col-50 elementor-inner-column elementor-element elementor-element-f32ef0d\" data-id=\"f32ef0d\" data-element_type=\"column\">\n\t\t\t<div class=\"elementor-widget-wrap elementor-element-populated\">\n\t\t\t\t\t\t<div class=\"elementor-element elementor-element-f056d47 elementor-widget elementor-widget-image\" data-id=\"f056d47\" data-element_type=\"widget\" data-widget_type=\"image.default\">\n\t\t\t\t<div class=\"elementor-widget-container\">\n\t\t\t\t\t\t\t\t\t\t\t\t\t\t\t\t<a href=\"https:\/\/fundacaofemar.org.br\/portalwordpress\/wp-content\/uploads\/2022\/06\/10jun-Arena.jpg\" data-elementor-open-lightbox=\"yes\" data-elementor-lightbox-title=\"10jun-Arena\" data-e-action-hash=\"#elementor-action%3Aaction%3Dlightbox%26settings%3DeyJpZCI6MTA0NjAsInVybCI6Imh0dHBzOlwvXC9mdW5kYWNhb2ZlbWFyLm9yZy5iclwvcG9ydGFsd29yZHByZXNzXC93cC1jb250ZW50XC91cGxvYWRzXC8yMDIyXC8wNlwvMTBqdW4tQXJlbmEuanBnIn0%3D\">\n\t\t\t\t\t\t\t<img decoding=\"async\" width=\"640\" height=\"360\" src=\"https:\/\/fundacaofemar.org.br\/portalwordpress\/wp-content\/uploads\/2022\/06\/10jun-Arena-1024x576.jpg\" class=\"elementor-animation-float attachment-large size-large wp-image-10460\" alt=\"\" srcset=\"https:\/\/fundacaofemar.org.br\/portalwordpress\/wp-content\/uploads\/2022\/06\/10jun-Arena-1024x576.jpg 1024w, https:\/\/fundacaofemar.org.br\/portalwordpress\/wp-content\/uploads\/2022\/06\/10jun-Arena-300x169.jpg 300w, https:\/\/fundacaofemar.org.br\/portalwordpress\/wp-content\/uploads\/2022\/06\/10jun-Arena-768x432.jpg 768w, https:\/\/fundacaofemar.org.br\/portalwordpress\/wp-content\/uploads\/2022\/06\/10jun-Arena-1536x864.jpg 1536w, https:\/\/fundacaofemar.org.br\/portalwordpress\/wp-content\/uploads\/2022\/06\/10jun-Arena.jpg 1600w\" sizes=\"(max-width: 640px) 100vw, 640px\" \/>\t\t\t\t\t\t\t\t<\/a>\n\t\t\t\t\t\t\t\t\t\t\t\t\t\t\t<\/div>\n\t\t\t\t<\/div>\n\t\t\t\t\t<\/div>\n\t\t<\/div>\n\t\t\t\t<div class=\"elementor-column elementor-col-50 elementor-inner-column elementor-element elementor-element-5c6bed23\" data-id=\"5c6bed23\" data-element_type=\"column\">\n\t\t\t<div class=\"elementor-widget-wrap elementor-element-populated\">\n\t\t\t\t\t\t<div class=\"elementor-element elementor-element-52c2ce66 elementor-widget elementor-widget-image\" data-id=\"52c2ce66\" data-element_type=\"widget\" data-widget_type=\"image.default\">\n\t\t\t\t<div class=\"elementor-widget-container\">\n\t\t\t\t\t\t\t\t\t\t\t\t\t\t\t\t<a href=\"https:\/\/fundacaofemar.org.br\/portalwordpress\/wp-content\/uploads\/2022\/06\/20220608_095130-scaled.jpg\" data-elementor-open-lightbox=\"yes\" data-elementor-lightbox-title=\"20220608_095130\" data-e-action-hash=\"#elementor-action%3Aaction%3Dlightbox%26settings%3DeyJpZCI6MTA0NDksInVybCI6Imh0dHBzOlwvXC9mdW5kYWNhb2ZlbWFyLm9yZy5iclwvcG9ydGFsd29yZHByZXNzXC93cC1jb250ZW50XC91cGxvYWRzXC8yMDIyXC8wNlwvMjAyMjA2MDhfMDk1MTMwLXNjYWxlZC5qcGcifQ%3D%3D\">\n\t\t\t\t\t\t\t<img loading=\"lazy\" decoding=\"async\" width=\"640\" height=\"299\" src=\"https:\/\/fundacaofemar.org.br\/portalwordpress\/wp-content\/uploads\/2022\/06\/20220608_095130-1024x478.jpg\" class=\"elementor-animation-float attachment-large size-large wp-image-10449\" alt=\"\" srcset=\"https:\/\/fundacaofemar.org.br\/portalwordpress\/wp-content\/uploads\/2022\/06\/20220608_095130-1024x478.jpg 1024w, https:\/\/fundacaofemar.org.br\/portalwordpress\/wp-content\/uploads\/2022\/06\/20220608_095130-300x140.jpg 300w, https:\/\/fundacaofemar.org.br\/portalwordpress\/wp-content\/uploads\/2022\/06\/20220608_095130-768x359.jpg 768w, https:\/\/fundacaofemar.org.br\/portalwordpress\/wp-content\/uploads\/2022\/06\/20220608_095130-1536x717.jpg 1536w, https:\/\/fundacaofemar.org.br\/portalwordpress\/wp-content\/uploads\/2022\/06\/20220608_095130-2048x956.jpg 2048w\" sizes=\"(max-width: 640px) 100vw, 640px\" \/>\t\t\t\t\t\t\t\t<\/a>\n\t\t\t\t\t\t\t\t\t\t\t\t\t\t\t<\/div>\n\t\t\t\t<\/div>\n\t\t\t\t\t<\/div>\n\t\t<\/div>\n\t\t\t\t\t<\/div>\n\t\t<\/section>\n\t\t\t\t\t<\/div>\n\t\t<\/div>\n\t\t\t\t<div class=\"elementor-column elementor-col-50 elementor-inner-column elementor-element elementor-element-1ecf751c\" data-id=\"1ecf751c\" data-element_type=\"column\">\n\t\t\t<div class=\"elementor-widget-wrap elementor-element-populated\">\n\t\t\t\t\t\t<section class=\"elementor-section elementor-inner-section elementor-element elementor-element-257f8c09 elementor-section-boxed elementor-section-height-default elementor-section-height-default\" data-id=\"257f8c09\" data-element_type=\"section\">\n\t\t\t\t\t\t<div class=\"elementor-container elementor-column-gap-default\">\n\t\t\t\t\t<div class=\"elementor-column elementor-col-50 elementor-inner-column elementor-element elementor-element-109ec9bd\" data-id=\"109ec9bd\" data-element_type=\"column\">\n\t\t\t<div class=\"elementor-widget-wrap elementor-element-populated\">\n\t\t\t\t\t\t<div class=\"elementor-element elementor-element-30bd128b elementor-widget elementor-widget-image\" data-id=\"30bd128b\" data-element_type=\"widget\" data-widget_type=\"image.default\">\n\t\t\t\t<div class=\"elementor-widget-container\">\n\t\t\t\t\t\t\t\t\t\t\t\t\t\t\t\t<a href=\"https:\/\/fundacaofemar.org.br\/portalwordpress\/wp-content\/uploads\/2022\/06\/2.jpg\" data-elementor-open-lightbox=\"yes\" data-elementor-lightbox-title=\"2\" data-e-action-hash=\"#elementor-action%3Aaction%3Dlightbox%26settings%3DeyJpZCI6MTAzNjEsInVybCI6Imh0dHBzOlwvXC9mdW5kYWNhb2ZlbWFyLm9yZy5iclwvcG9ydGFsd29yZHByZXNzXC93cC1jb250ZW50XC91cGxvYWRzXC8yMDIyXC8wNlwvMi5qcGcifQ%3D%3D\">\n\t\t\t\t\t\t\t<img loading=\"lazy\" decoding=\"async\" width=\"640\" height=\"360\" src=\"https:\/\/fundacaofemar.org.br\/portalwordpress\/wp-content\/uploads\/2022\/06\/2-1024x576.jpg\" class=\"elementor-animation-float attachment-large size-large wp-image-10361\" alt=\"\" srcset=\"https:\/\/fundacaofemar.org.br\/portalwordpress\/wp-content\/uploads\/2022\/06\/2-1024x576.jpg 1024w, https:\/\/fundacaofemar.org.br\/portalwordpress\/wp-content\/uploads\/2022\/06\/2-300x169.jpg 300w, https:\/\/fundacaofemar.org.br\/portalwordpress\/wp-content\/uploads\/2022\/06\/2-768x432.jpg 768w, https:\/\/fundacaofemar.org.br\/portalwordpress\/wp-content\/uploads\/2022\/06\/2-1536x864.jpg 1536w, https:\/\/fundacaofemar.org.br\/portalwordpress\/wp-content\/uploads\/2022\/06\/2.jpg 1600w\" sizes=\"(max-width: 640px) 100vw, 640px\" \/>\t\t\t\t\t\t\t\t<\/a>\n\t\t\t\t\t\t\t\t\t\t\t\t\t\t\t<\/div>\n\t\t\t\t<\/div>\n\t\t\t\t\t<\/div>\n\t\t<\/div>\n\t\t\t\t<div class=\"elementor-column elementor-col-50 elementor-inner-column elementor-element elementor-element-654d4b97\" data-id=\"654d4b97\" data-element_type=\"column\">\n\t\t\t<div class=\"elementor-widget-wrap elementor-element-populated\">\n\t\t\t\t\t\t<div class=\"elementor-element elementor-element-52e6f504 elementor-widget elementor-widget-image\" data-id=\"52e6f504\" data-element_type=\"widget\" data-widget_type=\"image.default\">\n\t\t\t\t<div class=\"elementor-widget-container\">\n\t\t\t\t\t\t\t\t\t\t\t\t\t\t\t\t<a href=\"https:\/\/fundacaofemar.org.br\/portalwordpress\/wp-content\/uploads\/2022\/06\/IMG-20220610-WA0030.jpg\" data-elementor-open-lightbox=\"yes\" data-elementor-lightbox-title=\"IMG-20220610-WA0030\" data-e-action-hash=\"#elementor-action%3Aaction%3Dlightbox%26settings%3DeyJpZCI6MTA0NjEsInVybCI6Imh0dHBzOlwvXC9mdW5kYWNhb2ZlbWFyLm9yZy5iclwvcG9ydGFsd29yZHByZXNzXC93cC1jb250ZW50XC91cGxvYWRzXC8yMDIyXC8wNlwvSU1HLTIwMjIwNjEwLVdBMDAzMC5qcGcifQ%3D%3D\">\n\t\t\t\t\t\t\t<img loading=\"lazy\" decoding=\"async\" width=\"640\" height=\"268\" src=\"https:\/\/fundacaofemar.org.br\/portalwordpress\/wp-content\/uploads\/2022\/06\/IMG-20220610-WA0030-1024x429.jpg\" class=\"elementor-animation-float attachment-large size-large wp-image-10461\" alt=\"\" srcset=\"https:\/\/fundacaofemar.org.br\/portalwordpress\/wp-content\/uploads\/2022\/06\/IMG-20220610-WA0030-1024x429.jpg 1024w, https:\/\/fundacaofemar.org.br\/portalwordpress\/wp-content\/uploads\/2022\/06\/IMG-20220610-WA0030-300x126.jpg 300w, https:\/\/fundacaofemar.org.br\/portalwordpress\/wp-content\/uploads\/2022\/06\/IMG-20220610-WA0030-768x322.jpg 768w, https:\/\/fundacaofemar.org.br\/portalwordpress\/wp-content\/uploads\/2022\/06\/IMG-20220610-WA0030-1536x644.jpg 1536w, https:\/\/fundacaofemar.org.br\/portalwordpress\/wp-content\/uploads\/2022\/06\/IMG-20220610-WA0030.jpg 1600w\" sizes=\"(max-width: 640px) 100vw, 640px\" \/>\t\t\t\t\t\t\t\t<\/a>\n\t\t\t\t\t\t\t\t\t\t\t\t\t\t\t<\/div>\n\t\t\t\t<\/div>\n\t\t\t\t\t<\/div>\n\t\t<\/div>\n\t\t\t\t\t<\/div>\n\t\t<\/section>\n\t\t\t\t<div class=\"elementor-element elementor-element-491a323f elementor-widget elementor-widget-image\" data-id=\"491a323f\" data-element_type=\"widget\" data-widget_type=\"image.default\">\n\t\t\t\t<div class=\"elementor-widget-container\">\n\t\t\t\t\t\t\t\t\t\t\t\t\t\t\t\t<a href=\"https:\/\/fundacaofemar.org.br\/portalwordpress\/wp-content\/uploads\/2022\/06\/20220608_105137-scaled.jpg\" data-elementor-open-lightbox=\"yes\" data-elementor-lightbox-title=\"20220608_105137\" data-e-action-hash=\"#elementor-action%3Aaction%3Dlightbox%26settings%3DeyJpZCI6MTA0NTAsInVybCI6Imh0dHBzOlwvXC9mdW5kYWNhb2ZlbWFyLm9yZy5iclwvcG9ydGFsd29yZHByZXNzXC93cC1jb250ZW50XC91cGxvYWRzXC8yMDIyXC8wNlwvMjAyMjA2MDhfMTA1MTM3LXNjYWxlZC5qcGcifQ%3D%3D\">\n\t\t\t\t\t\t\t<img loading=\"lazy\" decoding=\"async\" width=\"640\" height=\"361\" src=\"https:\/\/fundacaofemar.org.br\/portalwordpress\/wp-content\/uploads\/2022\/06\/20220608_105137-1024x577.jpg\" class=\"elementor-animation-float attachment-large size-large wp-image-10450\" alt=\"\" srcset=\"https:\/\/fundacaofemar.org.br\/portalwordpress\/wp-content\/uploads\/2022\/06\/20220608_105137-1024x577.jpg 1024w, https:\/\/fundacaofemar.org.br\/portalwordpress\/wp-content\/uploads\/2022\/06\/20220608_105137-300x169.jpg 300w, https:\/\/fundacaofemar.org.br\/portalwordpress\/wp-content\/uploads\/2022\/06\/20220608_105137-768x432.jpg 768w, https:\/\/fundacaofemar.org.br\/portalwordpress\/wp-content\/uploads\/2022\/06\/20220608_105137-1536x865.jpg 1536w, https:\/\/fundacaofemar.org.br\/portalwordpress\/wp-content\/uploads\/2022\/06\/20220608_105137-2048x1153.jpg 2048w\" sizes=\"(max-width: 640px) 100vw, 640px\" \/>\t\t\t\t\t\t\t\t<\/a>\n\t\t\t\t\t\t\t\t\t\t\t\t\t\t\t<\/div>\n\t\t\t\t<\/div>\n\t\t\t\t\t<\/div>\n\t\t<\/div>\n\t\t\t\t\t<\/div>\n\t\t<\/section>\n\t\t\t\t<\/div>\n\t\t<\/div>","protected":false},"excerpt":{"rendered":"<p>PROJETO ATIVIDADES DE CONSCIENTIZA\u00c7\u00c3O PROATICONS O PROATICONS tem a finalidade de difundir o conhecimento sobre<a href=\"https:\/\/fundacaofemar.org.br\/portalwordpress\/responsabilidade-social\/proaticons\/\" class=\"bizfit-read-more\">Leia Mais<i class=\"fa fa-long-arrow-right\" aria-hidden=\"true\"><\/i><\/a><\/p>\n","protected":false},"author":2,"featured_media":6234,"parent":4996,"menu_order":0,"comment_status":"closed","ping_status":"closed","template":"page-templates\/full-width.php","meta":{"footnotes":""},"class_list":["post-10605","page","type-page","status-publish","has-post-thumbnail","hentry"],"rise-blocks_excerpt":"PROJETO ATIVIDADES DE CONSCIENTIZA\u00c7\u00c3O PROATICONS O PROATICONS tem a finalidade de difundir o conhecimento sobre a import\u00e2ncia que os oceanos e mares t\u00eam para a humanidade. Para tanto, s\u00e3o ofertadas diversas atividades de cunho cultural para crian\u00e7as e jovens da cidade do Rio de Janeiro, pois a conscientiza\u00e7\u00e3o \u00e9 o primeiro passo para salvar os oceanos e mares. Uma sociedade..","_links":{"self":[{"href":"https:\/\/fundacaofemar.org.br\/portalwordpress\/wp-json\/wp\/v2\/pages\/10605","targetHints":{"allow":["GET"]}}],"collection":[{"href":"https:\/\/fundacaofemar.org.br\/portalwordpress\/wp-json\/wp\/v2\/pages"}],"about":[{"href":"https:\/\/fundacaofemar.org.br\/portalwordpress\/wp-json\/wp\/v2\/types\/page"}],"author":[{"embeddable":true,"href":"https:\/\/fundacaofemar.org.br\/portalwordpress\/wp-json\/wp\/v2\/users\/2"}],"replies":[{"embeddable":true,"href":"https:\/\/fundacaofemar.org.br\/portalwordpress\/wp-json\/wp\/v2\/comments?post=10605"}],"version-history":[{"count":0,"href":"https:\/\/fundacaofemar.org.br\/portalwordpress\/wp-json\/wp\/v2\/pages\/10605\/revisions"}],"up":[{"embeddable":true,"href":"https:\/\/fundacaofemar.org.br\/portalwordpress\/wp-json\/wp\/v2\/pages\/4996"}],"wp:featuredmedia":[{"embeddable":true,"href":"https:\/\/fundacaofemar.org.br\/portalwordpress\/wp-json\/wp\/v2\/media\/6234"}],"wp:attachment":[{"href":"https:\/\/fundacaofemar.org.br\/portalwordpress\/wp-json\/wp\/v2\/media?parent=10605"}],"curies":[{"name":"wp","href":"https:\/\/api.w.org\/{rel}","templated":true}]}}