{"id":15055,"date":"2023-08-21T15:33:00","date_gmt":"2023-08-21T18:33:00","guid":{"rendered":"https:\/\/fundacaofemar.org.br\/portalwordpress\/?page_id=15055"},"modified":"2026-04-09T00:03:12","modified_gmt":"2026-04-09T03:03:12","slug":"femaritimidade","status":"publish","type":"page","link":"https:\/\/fundacaofemar.org.br\/portalwordpress\/area-do-colaborador\/femaritimidade\/","title":{"rendered":"FEMARITIMIDADE &#8211; INFORMATIVO DIGITAL"},"content":{"rendered":"<div class=\"post-content\">\t\t<div data-elementor-type=\"wp-page\" data-elementor-id=\"15055\" class=\"elementor elementor-15055\">\n\t\t\t\t\t\t<section class=\"elementor-section elementor-top-section elementor-element elementor-element-6204fae1 elementor-section-boxed elementor-section-height-default elementor-section-height-default\" data-id=\"6204fae1\" data-element_type=\"section\">\n\t\t\t\t\t\t<div class=\"elementor-container elementor-column-gap-default\">\n\t\t\t\t\t<div class=\"elementor-column elementor-col-100 elementor-top-column elementor-element elementor-element-5187649c\" data-id=\"5187649c\" data-element_type=\"column\" data-settings=\"{&quot;background_background&quot;:&quot;classic&quot;}\">\n\t\t\t<div class=\"elementor-widget-wrap elementor-element-populated\">\n\t\t\t\t\t\t<div class=\"elementor-element elementor-element-5b8b73e4 elementor-widget elementor-widget-heading\" data-id=\"5b8b73e4\" data-element_type=\"widget\" data-widget_type=\"heading.default\">\n\t\t\t\t<div class=\"elementor-widget-container\">\n\t\t\t\t\t<h2 class=\"elementor-heading-title elementor-size-default\">FUNDA\u00c7\u00c3O PIONEIRA DA MARITIMIDADE NO BRASIL<\/h2>\t\t\t\t<\/div>\n\t\t\t\t<\/div>\n\t\t\t\t<div class=\"elementor-element elementor-element-1d1beb64 elementor-widget elementor-widget-heading\" data-id=\"1d1beb64\" data-element_type=\"widget\" data-widget_type=\"heading.default\">\n\t\t\t\t<div class=\"elementor-widget-container\">\n\t\t\t\t\t<h2 class=\"elementor-heading-title elementor-size-default\">FEMARITIMIDADE - INFORMATIVO DIGITAL<\/h2>\t\t\t\t<\/div>\n\t\t\t\t<\/div>\n\t\t\t\t<div class=\"elementor-element elementor-element-5f2a4fca elementor-widget-divider--view-line elementor-widget elementor-widget-divider\" data-id=\"5f2a4fca\" data-element_type=\"widget\" data-widget_type=\"divider.default\">\n\t\t\t\t<div class=\"elementor-widget-container\">\n\t\t\t\t\t\t\t<div class=\"elementor-divider\">\n\t\t\t<span class=\"elementor-divider-separator\">\n\t\t\t\t\t\t<\/span>\n\t\t<\/div>\n\t\t\t\t\t\t<\/div>\n\t\t\t\t<\/div>\n\t\t\t\t\t<\/div>\n\t\t<\/div>\n\t\t\t\t\t<\/div>\n\t\t<\/section>\n\t\t\t\t<section class=\"elementor-section elementor-top-section elementor-element elementor-element-530e0796 elementor-section-boxed elementor-section-height-default elementor-section-height-default\" data-id=\"530e0796\" data-element_type=\"section\">\n\t\t\t\t\t\t<div class=\"elementor-container elementor-column-gap-default\">\n\t\t\t\t\t<div class=\"elementor-column elementor-col-100 elementor-top-column elementor-element elementor-element-17bf9830\" data-id=\"17bf9830\" data-element_type=\"column\">\n\t\t\t<div class=\"elementor-widget-wrap elementor-element-populated\">\n\t\t\t\t\t\t<div class=\"elementor-element elementor-element-1b55f720 elementor-widget elementor-widget-heading\" data-id=\"1b55f720\" data-element_type=\"widget\" data-widget_type=\"heading.default\">\n\t\t\t\t<div class=\"elementor-widget-container\">\n\t\t\t\t\t<h2 class=\"elementor-heading-title elementor-size-default\">A <b>FEMAR<\/b> conta com um informativo digital, denominado <b>\u201cFEMARITIMIDADE\u201d<\/b>, que tem o prop\u00f3sito de difundir a mentalidade mar\u00edtima, por interm\u00e9dio da publica\u00e7\u00e3o de mat\u00e9rias, not\u00edcias, \u00edndices, fotos, v\u00eddeos, curiosidades e tudo mais relacionado ao mar, em especial: mat\u00e9rias referentes aos Organismos e Institui\u00e7\u00f5es Nacionais e Internacionais relacionadas ao mar; Economia Azul; D\u00e9cada dos Oceanos; pesquisa e tecnologia de energia limpa; crescimento econ\u00f4mico sustentado, inclusivo e sustent\u00e1vel; medidas urgentes para combater as mudan\u00e7as clim\u00e1ticas e seus impactos; e  conserva\u00e7\u00e3o e uso sustent\u00e1vel dos oceanos, mares e recursos marinhos para o desenvolvimento sustent\u00e1vel.  <\/h2>\t\t\t\t<\/div>\n\t\t\t\t<\/div>\n\t\t\t\t<div class=\"elementor-element elementor-element-34eb92b elementor-widget elementor-widget-heading\" data-id=\"34eb92b\" data-element_type=\"widget\" data-widget_type=\"heading.default\">\n\t\t\t\t<div class=\"elementor-widget-container\">\n\t\t\t\t\t<h2 class=\"elementor-heading-title elementor-size-default\">Para a sua divulga\u00e7\u00e3o ser\u00e3o utilizadas as nossas m\u00eddias sociais. Para acompanhar as nossas not\u00edcias da <b>FEMARITIMIDADE<\/b> acesse o nosso <u><a href=\"https:\/\/fundacaofemar.org.br\/portalwordpress\/category\/femaritimidade\/\">PORTAL DE NOT\u00cdCIAS FEMARITIMIDADE<\/a><\/u>.<\/h2>\t\t\t\t<\/div>\n\t\t\t\t<\/div>\n\t\t\t\t<div class=\"elementor-element elementor-element-c17fee4 elementor-widget elementor-widget-image\" data-id=\"c17fee4\" data-element_type=\"widget\" data-widget_type=\"image.default\">\n\t\t\t\t<div class=\"elementor-widget-container\">\n\t\t\t\t\t\t\t\t\t\t\t\t\t\t\t<img decoding=\"async\" width=\"608\" height=\"53\" src=\"https:\/\/fundacaofemar.org.br\/portalwordpress\/wp-content\/uploads\/2023\/08\/Copia-de-FEMARATIMIDADE-608-\u00d7-53-px1-1.png\" class=\"elementor-animation-grow attachment-large size-large wp-image-14964\" alt=\"\" srcset=\"https:\/\/fundacaofemar.org.br\/portalwordpress\/wp-content\/uploads\/2023\/08\/Copia-de-FEMARATIMIDADE-608-\u00d7-53-px1-1.png 608w, https:\/\/fundacaofemar.org.br\/portalwordpress\/wp-content\/uploads\/2023\/08\/Copia-de-FEMARATIMIDADE-608-\u00d7-53-px1-1-300x26.png 300w\" sizes=\"(max-width: 608px) 100vw, 608px\" \/>\t\t\t\t\t\t\t\t\t\t\t\t\t\t\t<\/div>\n\t\t\t\t<\/div>\n\t\t\t\t\t<\/div>\n\t\t<\/div>\n\t\t\t\t\t<\/div>\n\t\t<\/section>\n\t\t\t\t<section class=\"elementor-section elementor-top-section elementor-element elementor-element-baa8eaf elementor-section-boxed elementor-section-height-default elementor-section-height-default\" data-id=\"baa8eaf\" data-element_type=\"section\">\n\t\t\t\t\t\t<div class=\"elementor-container elementor-column-gap-default\">\n\t\t\t\t\t<div class=\"elementor-column elementor-col-100 elementor-top-column elementor-element elementor-element-80a7fbe\" data-id=\"80a7fbe\" data-element_type=\"column\">\n\t\t\t<div class=\"elementor-widget-wrap elementor-element-populated\">\n\t\t\t\t\t\t<div class=\"elementor-element elementor-element-48f95d9 elementor-widget elementor-widget-heading\" data-id=\"48f95d9\" data-element_type=\"widget\" data-widget_type=\"heading.default\">\n\t\t\t\t<div class=\"elementor-widget-container\">\n\t\t\t\t\t<h2 class=\"elementor-heading-title elementor-size-default\">BEM-VINDOS AO UNIVERSO DO MAR!<\/h2>\t\t\t\t<\/div>\n\t\t\t\t<\/div>\n\t\t\t\t<div class=\"elementor-element elementor-element-fabd639 elementor-widget-divider--view-line elementor-widget elementor-widget-divider\" data-id=\"fabd639\" data-element_type=\"widget\" data-widget_type=\"divider.default\">\n\t\t\t\t<div class=\"elementor-widget-container\">\n\t\t\t\t\t\t\t<div class=\"elementor-divider\">\n\t\t\t<span class=\"elementor-divider-separator\">\n\t\t\t\t\t\t<\/span>\n\t\t<\/div>\n\t\t\t\t\t\t<\/div>\n\t\t\t\t<\/div>\n\t\t\t\t\t<\/div>\n\t\t<\/div>\n\t\t\t\t\t<\/div>\n\t\t<\/section>\n\t\t\t\t<section class=\"elementor-section elementor-inner-section elementor-element elementor-element-5d4943d4 elementor-section-boxed elementor-section-height-default elementor-section-height-default\" data-id=\"5d4943d4\" data-element_type=\"section\">\n\t\t\t\t\t\t<div class=\"elementor-container elementor-column-gap-no\">\n\t\t\t\t\t<div class=\"elementor-column elementor-col-100 elementor-inner-column elementor-element elementor-element-1ecf751c\" data-id=\"1ecf751c\" data-element_type=\"column\">\n\t\t\t<div class=\"elementor-widget-wrap elementor-element-populated\">\n\t\t\t\t\t\t<div class=\"elementor-element elementor-element-f61ef7b elementor-widget elementor-widget-video\" data-id=\"f61ef7b\" data-element_type=\"widget\" data-settings=\"{&quot;youtube_url&quot;:&quot;https:\\\/\\\/youtu.be\\\/wTO3nxLdU0c&quot;,&quot;video_type&quot;:&quot;youtube&quot;,&quot;controls&quot;:&quot;yes&quot;}\" data-widget_type=\"video.default\">\n\t\t\t\t<div class=\"elementor-widget-container\">\n\t\t\t\t\t\t\t<div class=\"elementor-wrapper elementor-open-inline\">\n\t\t\t<div class=\"elementor-video\"><\/div>\t\t<\/div>\n\t\t\t\t\t\t<\/div>\n\t\t\t\t<\/div>\n\t\t\t\t\t<\/div>\n\t\t<\/div>\n\t\t\t\t\t<\/div>\n\t\t<\/section>\n\t\t\t\t<section class=\"elementor-section elementor-inner-section elementor-element elementor-element-d2a45ab elementor-section-boxed elementor-section-height-default elementor-section-height-default\" data-id=\"d2a45ab\" data-element_type=\"section\">\n\t\t\t\t\t\t<div class=\"elementor-container elementor-column-gap-no\">\n\t\t\t\t\t<div class=\"elementor-column elementor-col-50 elementor-inner-column elementor-element elementor-element-88f2018\" data-id=\"88f2018\" data-element_type=\"column\">\n\t\t\t<div class=\"elementor-widget-wrap elementor-element-populated\">\n\t\t\t\t\t\t<div class=\"elementor-element elementor-element-c6d0a44 elementor-widget elementor-widget-image\" data-id=\"c6d0a44\" data-element_type=\"widget\" data-widget_type=\"image.default\">\n\t\t\t\t<div class=\"elementor-widget-container\">\n\t\t\t\t\t\t\t\t\t\t\t\t\t\t\t\t<a href=\"https:\/\/www.facebook.com\/femar.fundacao\" target=\"_blank\">\n\t\t\t\t\t\t\t<img fetchpriority=\"high\" decoding=\"async\" width=\"1000\" height=\"738\" src=\"https:\/\/fundacaofemar.org.br\/portalwordpress\/wp-content\/uploads\/2023\/08\/torey.jpg\" class=\"elementor-animation-float attachment-full size-full wp-image-14700\" alt=\"\" srcset=\"https:\/\/fundacaofemar.org.br\/portalwordpress\/wp-content\/uploads\/2023\/08\/torey.jpg 1000w, https:\/\/fundacaofemar.org.br\/portalwordpress\/wp-content\/uploads\/2023\/08\/torey-300x221.jpg 300w, https:\/\/fundacaofemar.org.br\/portalwordpress\/wp-content\/uploads\/2023\/08\/torey-768x567.jpg 768w\" sizes=\"(max-width: 1000px) 100vw, 1000px\" \/>\t\t\t\t\t\t\t\t<\/a>\n\t\t\t\t\t\t\t\t\t\t\t\t\t\t\t<\/div>\n\t\t\t\t<\/div>\n\t\t\t\t<div class=\"elementor-element elementor-element-8bfad64 elementor-widget elementor-widget-image\" data-id=\"8bfad64\" data-element_type=\"widget\" data-widget_type=\"image.default\">\n\t\t\t\t<div class=\"elementor-widget-container\">\n\t\t\t\t\t\t\t\t\t\t\t\t\t\t\t\t<a href=\"https:\/\/www.linkedin.com\/company\/fundacaofemar\/mycompany\/\" target=\"_blank\">\n\t\t\t\t\t\t\t<img decoding=\"async\" width=\"902\" height=\"555\" src=\"https:\/\/fundacaofemar.org.br\/portalwordpress\/wp-content\/uploads\/2023\/08\/marpol.jpg\" class=\"elementor-animation-float attachment-full size-full wp-image-14966\" alt=\"\" srcset=\"https:\/\/fundacaofemar.org.br\/portalwordpress\/wp-content\/uploads\/2023\/08\/marpol.jpg 902w, https:\/\/fundacaofemar.org.br\/portalwordpress\/wp-content\/uploads\/2023\/08\/marpol-300x185.jpg 300w, https:\/\/fundacaofemar.org.br\/portalwordpress\/wp-content\/uploads\/2023\/08\/marpol-768x473.jpg 768w\" sizes=\"(max-width: 902px) 100vw, 902px\" \/>\t\t\t\t\t\t\t\t<\/a>\n\t\t\t\t\t\t\t\t\t\t\t\t\t\t\t<\/div>\n\t\t\t\t<\/div>\n\t\t\t\t\t<\/div>\n\t\t<\/div>\n\t\t\t\t<div class=\"elementor-column elementor-col-50 elementor-inner-column elementor-element elementor-element-0809290\" data-id=\"0809290\" data-element_type=\"column\">\n\t\t\t<div class=\"elementor-widget-wrap elementor-element-populated\">\n\t\t\t\t\t\t<div class=\"elementor-element elementor-element-8d82238 elementor-widget elementor-widget-image\" data-id=\"8d82238\" data-element_type=\"widget\" data-widget_type=\"image.default\">\n\t\t\t\t<div class=\"elementor-widget-container\">\n\t\t\t\t\t\t\t\t\t\t\t\t\t\t\t\t<a href=\"https:\/\/www.instagram.com\/fundacaofemar\/\" target=\"_blank\">\n\t\t\t\t\t\t\t<img loading=\"lazy\" decoding=\"async\" width=\"600\" height=\"330\" src=\"https:\/\/fundacaofemar.org.br\/portalwordpress\/wp-content\/uploads\/2023\/08\/IMO-1.jpg\" class=\"elementor-animation-float attachment-full size-full wp-image-14701\" alt=\"\" srcset=\"https:\/\/fundacaofemar.org.br\/portalwordpress\/wp-content\/uploads\/2023\/08\/IMO-1.jpg 600w, https:\/\/fundacaofemar.org.br\/portalwordpress\/wp-content\/uploads\/2023\/08\/IMO-1-300x165.jpg 300w\" sizes=\"(max-width: 600px) 100vw, 600px\" \/>\t\t\t\t\t\t\t\t<\/a>\n\t\t\t\t\t\t\t\t\t\t\t\t\t\t\t<\/div>\n\t\t\t\t<\/div>\n\t\t\t\t<div class=\"elementor-element elementor-element-8aeb5c3 elementor-widget elementor-widget-image\" data-id=\"8aeb5c3\" data-element_type=\"widget\" data-widget_type=\"image.default\">\n\t\t\t\t<div class=\"elementor-widget-container\">\n\t\t\t\t\t\t\t\t\t\t\t\t\t\t\t\t<a href=\"https:\/\/www.youtube.com\/@fundacaodeestudosdomar\" target=\"_blank\">\n\t\t\t\t\t\t\t<img loading=\"lazy\" decoding=\"async\" width=\"914\" height=\"552\" src=\"https:\/\/fundacaofemar.org.br\/portalwordpress\/wp-content\/uploads\/2023\/08\/Solas.jpg\" class=\"elementor-animation-float attachment-full size-full wp-image-14965\" alt=\"\" srcset=\"https:\/\/fundacaofemar.org.br\/portalwordpress\/wp-content\/uploads\/2023\/08\/Solas.jpg 914w, https:\/\/fundacaofemar.org.br\/portalwordpress\/wp-content\/uploads\/2023\/08\/Solas-300x181.jpg 300w, https:\/\/fundacaofemar.org.br\/portalwordpress\/wp-content\/uploads\/2023\/08\/Solas-768x464.jpg 768w\" sizes=\"(max-width: 914px) 100vw, 914px\" \/>\t\t\t\t\t\t\t\t<\/a>\n\t\t\t\t\t\t\t\t\t\t\t\t\t\t\t<\/div>\n\t\t\t\t<\/div>\n\t\t\t\t\t<\/div>\n\t\t<\/div>\n\t\t\t\t\t<\/div>\n\t\t<\/section>\n\t\t\t\t<section class=\"elementor-section elementor-top-section elementor-element elementor-element-b7dd603 elementor-section-boxed elementor-section-height-default elementor-section-height-default\" data-id=\"b7dd603\" data-element_type=\"section\">\n\t\t\t\t\t\t<div class=\"elementor-container elementor-column-gap-default\">\n\t\t\t\t\t<div class=\"elementor-column elementor-col-100 elementor-top-column elementor-element elementor-element-4351951\" data-id=\"4351951\" data-element_type=\"column\">\n\t\t\t<div class=\"elementor-widget-wrap elementor-element-populated\">\n\t\t\t\t\t\t<div class=\"elementor-element elementor-element-15f500c elementor-widget elementor-widget-heading\" data-id=\"15f500c\" data-element_type=\"widget\" data-widget_type=\"heading.default\">\n\t\t\t\t<div class=\"elementor-widget-container\">\n\t\t\t\t\t<h2 class=\"elementor-heading-title elementor-size-default\">FEMAR<\/h2>\t\t\t\t<\/div>\n\t\t\t\t<\/div>\n\t\t\t\t<div class=\"elementor-element elementor-element-fa27936 elementor-widget elementor-widget-heading\" data-id=\"fa27936\" data-element_type=\"widget\" data-widget_type=\"heading.default\">\n\t\t\t\t<div class=\"elementor-widget-container\">\n\t\t\t\t\t<h2 class=\"elementor-heading-title elementor-size-default\">FUNDA\u00c7\u00c3O PIONEIRA DA MARITIMIDADE NO BRASIL<\/h2>\t\t\t\t<\/div>\n\t\t\t\t<\/div>\n\t\t\t\t\t<\/div>\n\t\t<\/div>\n\t\t\t\t\t<\/div>\n\t\t<\/section>\n\t\t\t\t<\/div>\n\t\t<\/div>","protected":false},"excerpt":{"rendered":"<p>FUNDA\u00c7\u00c3O PIONEIRA DA MARITIMIDADE NO BRASIL FEMARITIMIDADE &#8211; INFORMATIVO DIGITAL A FEMAR conta com um<a href=\"https:\/\/fundacaofemar.org.br\/portalwordpress\/area-do-colaborador\/femaritimidade\/\" class=\"bizfit-read-more\">Leia Mais<i class=\"fa fa-long-arrow-right\" aria-hidden=\"true\"><\/i><\/a><\/p>\n","protected":false},"author":6,"featured_media":5689,"parent":71320,"menu_order":0,"comment_status":"closed","ping_status":"closed","template":"page-templates\/full-width.php","meta":{"footnotes":""},"class_list":["post-15055","page","type-page","status-publish","has-post-thumbnail","hentry"],"rise-blocks_excerpt":"FUNDA\u00c7\u00c3O PIONEIRA DA MARITIMIDADE NO BRASIL FEMARITIMIDADE &#8211; INFORMATIVO DIGITAL A FEMAR conta com um informativo digital, denominado \u201cFEMARITIMIDADE\u201d, que tem o prop\u00f3sito de difundir a mentalidade mar\u00edtima, por interm\u00e9dio da publica\u00e7\u00e3o de mat\u00e9rias, not\u00edcias, \u00edndices, fotos, v\u00eddeos, curiosidades e tudo mais relacionado ao mar, em especial: mat\u00e9rias referentes aos Organismos e Institui\u00e7\u00f5es Nacionais e Internacionais relacionadas ao mar; Economia..","_links":{"self":[{"href":"https:\/\/fundacaofemar.org.br\/portalwordpress\/wp-json\/wp\/v2\/pages\/15055","targetHints":{"allow":["GET"]}}],"collection":[{"href":"https:\/\/fundacaofemar.org.br\/portalwordpress\/wp-json\/wp\/v2\/pages"}],"about":[{"href":"https:\/\/fundacaofemar.org.br\/portalwordpress\/wp-json\/wp\/v2\/types\/page"}],"author":[{"embeddable":true,"href":"https:\/\/fundacaofemar.org.br\/portalwordpress\/wp-json\/wp\/v2\/users\/6"}],"replies":[{"embeddable":true,"href":"https:\/\/fundacaofemar.org.br\/portalwordpress\/wp-json\/wp\/v2\/comments?post=15055"}],"version-history":[{"count":0,"href":"https:\/\/fundacaofemar.org.br\/portalwordpress\/wp-json\/wp\/v2\/pages\/15055\/revisions"}],"up":[{"embeddable":true,"href":"https:\/\/fundacaofemar.org.br\/portalwordpress\/wp-json\/wp\/v2\/pages\/71320"}],"wp:featuredmedia":[{"embeddable":true,"href":"https:\/\/fundacaofemar.org.br\/portalwordpress\/wp-json\/wp\/v2\/media\/5689"}],"wp:attachment":[{"href":"https:\/\/fundacaofemar.org.br\/portalwordpress\/wp-json\/wp\/v2\/media?parent=15055"}],"curies":[{"name":"wp","href":"https:\/\/api.w.org\/{rel}","templated":true}]}}