{"id":16358,"date":"2023-12-12T14:22:02","date_gmt":"2023-12-12T17:22:02","guid":{"rendered":"https:\/\/fundacaofemar.org.br\/portalwordpress\/?page_id=16358"},"modified":"2023-12-12T14:22:03","modified_gmt":"2023-12-12T17:22:03","slug":"femaritimidade-gem-policy-brief","status":"publish","type":"page","link":"https:\/\/fundacaofemar.org.br\/portalwordpress\/institucional\/femaritimidade-gem-policy-brief\/","title":{"rendered":"FEMARITIMIDADE &#8211; GEM POLICY BRIEF"},"content":{"rendered":"<div class=\"post-content\">\n<h1 class=\"wp-block-heading has-text-align-center\"><strong>D\u00c9CIMA PRIMEIRA EDI\u00c7\u00c3O DO \u201cGEM POLICY BRIEF\u201d<\/strong><\/h1>\n\n\n\n<p class=\"has-text-align-center\"><div class=\"_df_book df-lite\" id=\"df_16353\"  _slug=\"gem-policy-brief-femaritimidade\" data-title=\"gem-policy-brief-femaritimidade\" wpoptions=\"true\" thumbtype=\"\" ><\/div><script class=\"df-shortcode-script\" nowprocket type=\"application\/javascript\">window.option_df_16353 = {\"webgl\":\"true\",\"outline\":[],\"autoEnableOutline\":\"false\",\"autoEnableThumbnail\":\"false\",\"overwritePDFOutline\":\"false\",\"direction\":\"1\",\"pageSize\":\"0\",\"pageMode\":\"0\",\"singlePageMode\":\"0\",\"source\":\"https:\\\/\\\/fundacaofemar.org.br\\\/portalwordpress\\\/wp-content\\\/uploads\\\/2023\\\/12\\\/Policy-brief-v.-3-n.-11_compressed.pdf\",\"wpOptions\":\"true\"}; if(window.DFLIP && window.DFLIP.parseBooks){window.DFLIP.parseBooks();}<\/script><\/p>\n<\/div>","protected":false},"excerpt":{"rendered":"<p>D\u00c9CIMA PRIMEIRA EDI\u00c7\u00c3O DO \u201cGEM POLICY BRIEF\u201d<\/p>\n","protected":false},"author":9,"featured_media":16361,"parent":1138,"menu_order":0,"comment_status":"closed","ping_status":"closed","template":"","meta":{"footnotes":""},"class_list":["post-16358","page","type-page","status-publish","has-post-thumbnail","hentry"],"rise-blocks_excerpt":"D\u00c9CIMA PRIMEIRA EDI\u00c7\u00c3O DO \u201cGEM POLICY BRIEF\u201d","_links":{"self":[{"href":"https:\/\/fundacaofemar.org.br\/portalwordpress\/wp-json\/wp\/v2\/pages\/16358","targetHints":{"allow":["GET"]}}],"collection":[{"href":"https:\/\/fundacaofemar.org.br\/portalwordpress\/wp-json\/wp\/v2\/pages"}],"about":[{"href":"https:\/\/fundacaofemar.org.br\/portalwordpress\/wp-json\/wp\/v2\/types\/page"}],"author":[{"embeddable":true,"href":"https:\/\/fundacaofemar.org.br\/portalwordpress\/wp-json\/wp\/v2\/users\/9"}],"replies":[{"embeddable":true,"href":"https:\/\/fundacaofemar.org.br\/portalwordpress\/wp-json\/wp\/v2\/comments?post=16358"}],"version-history":[{"count":0,"href":"https:\/\/fundacaofemar.org.br\/portalwordpress\/wp-json\/wp\/v2\/pages\/16358\/revisions"}],"up":[{"embeddable":true,"href":"https:\/\/fundacaofemar.org.br\/portalwordpress\/wp-json\/wp\/v2\/pages\/1138"}],"wp:featuredmedia":[{"embeddable":true,"href":"https:\/\/fundacaofemar.org.br\/portalwordpress\/wp-json\/wp\/v2\/media\/16361"}],"wp:attachment":[{"href":"https:\/\/fundacaofemar.org.br\/portalwordpress\/wp-json\/wp\/v2\/media?parent=16358"}],"curies":[{"name":"wp","href":"https:\/\/api.w.org\/{rel}","templated":true}]}}