{"id":2075,"date":"2021-07-15T12:36:18","date_gmt":"2021-07-15T15:36:18","guid":{"rendered":"https:\/\/fundacaofemar.org.br\/portalwordpress\/?page_id=2075"},"modified":"2022-05-04T23:54:56","modified_gmt":"2022-05-05T02:54:56","slug":"atuacao","status":"publish","type":"page","link":"https:\/\/fundacaofemar.org.br\/portalwordpress\/atuacao\/","title":{"rendered":"Atua\u00e7\u00e3o"},"content":{"rendered":"<div class=\"post-content\">\t\t<div data-elementor-type=\"wp-page\" data-elementor-id=\"2075\" class=\"elementor elementor-2075\">\n\t\t\t\t\t\t<section class=\"elementor-section elementor-top-section elementor-element elementor-element-75290fc8 elementor-section-boxed elementor-section-height-default elementor-section-height-default\" data-id=\"75290fc8\" data-element_type=\"section\">\n\t\t\t\t\t\t<div class=\"elementor-container elementor-column-gap-default\">\n\t\t\t\t\t<div class=\"elementor-column elementor-col-100 elementor-top-column elementor-element elementor-element-2264f017\" data-id=\"2264f017\" data-element_type=\"column\" data-settings=\"{&quot;background_background&quot;:&quot;classic&quot;}\">\n\t\t\t<div class=\"elementor-widget-wrap elementor-element-populated\">\n\t\t\t\t\t\t<div class=\"elementor-element elementor-element-139f49c0 elementor-widget elementor-widget-heading\" data-id=\"139f49c0\" data-element_type=\"widget\" data-widget_type=\"heading.default\">\n\t\t\t\t<div class=\"elementor-widget-container\">\n\t\t\t\t\t<h2 class=\"elementor-heading-title elementor-size-default\">ATUA\u00c7\u00c3O<\/h2>\t\t\t\t<\/div>\n\t\t\t\t<\/div>\n\t\t\t\t<div class=\"elementor-element elementor-element-69e9f3c0 elementor-widget elementor-widget-heading\" data-id=\"69e9f3c0\" data-element_type=\"widget\" data-widget_type=\"heading.default\">\n\t\t\t\t<div class=\"elementor-widget-container\">\n\t\t\t\t\t<h2 class=\"elementor-heading-title elementor-size-default\">ENSINO, PESQUISA &amp; EXTENS\u00c3O<\/h2>\t\t\t\t<\/div>\n\t\t\t\t<\/div>\n\t\t\t\t<div class=\"elementor-element elementor-element-372b2745 elementor-widget-divider--view-line elementor-widget elementor-widget-divider\" data-id=\"372b2745\" data-element_type=\"widget\" data-widget_type=\"divider.default\">\n\t\t\t\t<div class=\"elementor-widget-container\">\n\t\t\t\t\t\t\t<div class=\"elementor-divider\">\n\t\t\t<span class=\"elementor-divider-separator\">\n\t\t\t\t\t\t<\/span>\n\t\t<\/div>\n\t\t\t\t\t\t<\/div>\n\t\t\t\t<\/div>\n\t\t\t\t\t<\/div>\n\t\t<\/div>\n\t\t\t\t\t<\/div>\n\t\t<\/section>\n\t\t\t\t<section class=\"elementor-section elementor-top-section elementor-element elementor-element-7d2c28ea elementor-section-boxed elementor-section-height-default elementor-section-height-default\" data-id=\"7d2c28ea\" data-element_type=\"section\">\n\t\t\t\t\t\t<div class=\"elementor-container elementor-column-gap-default\">\n\t\t\t\t\t<div class=\"elementor-column elementor-col-100 elementor-top-column elementor-element elementor-element-18f1e6a3\" data-id=\"18f1e6a3\" data-element_type=\"column\">\n\t\t\t<div class=\"elementor-widget-wrap elementor-element-populated\">\n\t\t\t\t\t\t<div class=\"elementor-element elementor-element-53134f21 elementor-widget elementor-widget-heading\" data-id=\"53134f21\" data-element_type=\"widget\" data-widget_type=\"heading.default\">\n\t\t\t\t<div class=\"elementor-widget-container\">\n\t\t\t\t\t<h2 class=\"elementor-heading-title elementor-size-default\">A Funda\u00e7\u00e3o destina-se a contribuir para o conhecimento dos aspectos s\u00f3cio-econ\u00f4micos e pol\u00edticos do mar, bem como dos problemas a ele referentes; valorizar a pessoa do trabalhador da ind\u00fastria de constru\u00e7\u00e3o naval, do transporte aquavi\u00e1rio e da pesca, promovendo a maior produtividade dessas atividades comerciais e industriais; procurar os meios para racionaliza\u00e7\u00e3o do trabalho nos portos; atrav\u00e9s de estudos, buscar solu\u00e7\u00f5es para o incremento do transporte aquavi\u00e1rio, promover o conhecimento e a difus\u00e3o dos problemas atinentes ao complexo aquavi\u00e1rio, transportes, portos, pesca, navega\u00e7\u00e3o, constru\u00e7\u00e3o naval, ci\u00eancias do mar e legisla\u00e7\u00e3o pertinente, tudo com vistas a contribuir para difundir a mentalidade mar\u00edtima no Brasil.<\/h2>\t\t\t\t<\/div>\n\t\t\t\t<\/div>\n\t\t\t\t<div class=\"elementor-element elementor-element-4bd94e7d elementor-widget elementor-widget-heading\" data-id=\"4bd94e7d\" data-element_type=\"widget\" data-widget_type=\"heading.default\">\n\t\t\t\t<div class=\"elementor-widget-container\">\n\t\t\t\t\t<h2 class=\"elementor-heading-title elementor-size-default\">Para consecu\u00e7\u00e3o desses objetivos a Funda\u00e7\u00e3o realiza estudos e pesquisas, cursos, semin\u00e1rios e outras atividades cong\u00eaneres para a forma\u00e7\u00e3o, especializa\u00e7\u00e3o e aperfei\u00e7oamento do pessoal capacitado ao exerc\u00edcio de empreendimentos p\u00fablicos e privados relativos ao mar e pode ainda :<\/h2>\t\t\t\t<\/div>\n\t\t\t\t<\/div>\n\t\t\t\t\t<\/div>\n\t\t<\/div>\n\t\t\t\t\t<\/div>\n\t\t<\/section>\n\t\t\t\t<section class=\"elementor-section elementor-top-section elementor-element elementor-element-fce9fb6 elementor-section-boxed elementor-section-height-default elementor-section-height-default\" data-id=\"fce9fb6\" data-element_type=\"section\">\n\t\t\t\t\t\t<div class=\"elementor-container elementor-column-gap-default\">\n\t\t\t\t\t<div class=\"elementor-column elementor-col-100 elementor-top-column elementor-element elementor-element-0ca6b4b\" data-id=\"0ca6b4b\" data-element_type=\"column\">\n\t\t\t<div class=\"elementor-widget-wrap elementor-element-populated\">\n\t\t\t\t\t\t<section class=\"elementor-section elementor-inner-section elementor-element elementor-element-f386980 elementor-section-content-top elementor-section-boxed elementor-section-height-default elementor-section-height-default\" data-id=\"f386980\" data-element_type=\"section\">\n\t\t\t\t\t\t<div class=\"elementor-container elementor-column-gap-default\">\n\t\t\t\t\t<div class=\"elementor-column elementor-col-20 elementor-inner-column elementor-element elementor-element-39d6e0a\" data-id=\"39d6e0a\" data-element_type=\"column\">\n\t\t\t<div class=\"elementor-widget-wrap elementor-element-populated\">\n\t\t\t\t\t\t<div class=\"elementor-element elementor-element-d77e79e elementor-view-default elementor-widget elementor-widget-icon\" data-id=\"d77e79e\" data-element_type=\"widget\" data-widget_type=\"icon.default\">\n\t\t\t\t<div class=\"elementor-widget-container\">\n\t\t\t\t\t\t\t<div class=\"elementor-icon-wrapper\">\n\t\t\t<div class=\"elementor-icon\">\n\t\t\t<i aria-hidden=\"true\" class=\"fas fa-check\"><\/i>\t\t\t<\/div>\n\t\t<\/div>\n\t\t\t\t\t\t<\/div>\n\t\t\t\t<\/div>\n\t\t\t\t<div class=\"elementor-element elementor-element-90fa5c0 elementor-widget elementor-widget-heading\" data-id=\"90fa5c0\" data-element_type=\"widget\" data-widget_type=\"heading.default\">\n\t\t\t\t<div class=\"elementor-widget-container\">\n\t\t\t\t\t<h2 class=\"elementor-heading-title elementor-size-default\">Financiar estudos, pesquisas e publica\u00e7\u00f5es que visem direta ou indiretamente, promover o desenvolvimento e a difus\u00e3o de conhecimentos relativos \u00e0s atividades mar\u00edtimas.<\/h2>\t\t\t\t<\/div>\n\t\t\t\t<\/div>\n\t\t\t\t\t<\/div>\n\t\t<\/div>\n\t\t\t\t<div class=\"elementor-column elementor-col-20 elementor-inner-column elementor-element elementor-element-7c8193f\" data-id=\"7c8193f\" data-element_type=\"column\">\n\t\t\t<div class=\"elementor-widget-wrap\">\n\t\t\t\t\t\t\t<\/div>\n\t\t<\/div>\n\t\t\t\t<div class=\"elementor-column elementor-col-20 elementor-inner-column elementor-element elementor-element-07e67f7\" data-id=\"07e67f7\" data-element_type=\"column\">\n\t\t\t<div class=\"elementor-widget-wrap elementor-element-populated\">\n\t\t\t\t\t\t<div class=\"elementor-element elementor-element-12e29c1 elementor-view-default elementor-widget elementor-widget-icon\" data-id=\"12e29c1\" data-element_type=\"widget\" data-widget_type=\"icon.default\">\n\t\t\t\t<div class=\"elementor-widget-container\">\n\t\t\t\t\t\t\t<div class=\"elementor-icon-wrapper\">\n\t\t\t<div class=\"elementor-icon\">\n\t\t\t<i aria-hidden=\"true\" class=\"fas fa-check\"><\/i>\t\t\t<\/div>\n\t\t<\/div>\n\t\t\t\t\t\t<\/div>\n\t\t\t\t<\/div>\n\t\t\t\t<div class=\"elementor-element elementor-element-160ccc5 elementor-widget elementor-widget-heading\" data-id=\"160ccc5\" data-element_type=\"widget\" data-widget_type=\"heading.default\">\n\t\t\t\t<div class=\"elementor-widget-container\">\n\t\t\t\t\t<h2 class=\"elementor-heading-title elementor-size-default\">Firmar conv\u00eanios e contratos com outras institui\u00e7\u00f5es, p\u00fablicas ou privadas, nacionais ou estrangeiras, para a execu\u00e7\u00e3o de planos e projetos referentes \u00e0s suas atividades ou destinados ao recebimento ou presta\u00e7\u00e3o de assist\u00eancia t\u00e9cnica relacionados com suas atribui\u00e7\u00f5es.<\/h2>\t\t\t\t<\/div>\n\t\t\t\t<\/div>\n\t\t\t\t\t<\/div>\n\t\t<\/div>\n\t\t\t\t<div class=\"elementor-column elementor-col-20 elementor-inner-column elementor-element elementor-element-56559f7\" data-id=\"56559f7\" data-element_type=\"column\">\n\t\t\t<div class=\"elementor-widget-wrap\">\n\t\t\t\t\t\t\t<\/div>\n\t\t<\/div>\n\t\t\t\t<div class=\"elementor-column elementor-col-20 elementor-inner-column elementor-element elementor-element-c11d855\" data-id=\"c11d855\" data-element_type=\"column\">\n\t\t\t<div class=\"elementor-widget-wrap elementor-element-populated\">\n\t\t\t\t\t\t<div class=\"elementor-element elementor-element-ea920e9 elementor-view-default elementor-widget elementor-widget-icon\" data-id=\"ea920e9\" data-element_type=\"widget\" data-widget_type=\"icon.default\">\n\t\t\t\t<div class=\"elementor-widget-container\">\n\t\t\t\t\t\t\t<div class=\"elementor-icon-wrapper\">\n\t\t\t<div class=\"elementor-icon\">\n\t\t\t<i aria-hidden=\"true\" class=\"fas fa-check\"><\/i>\t\t\t<\/div>\n\t\t<\/div>\n\t\t\t\t\t\t<\/div>\n\t\t\t\t<\/div>\n\t\t\t\t<div class=\"elementor-element elementor-element-21f8c52 elementor-widget elementor-widget-heading\" data-id=\"21f8c52\" data-element_type=\"widget\" data-widget_type=\"heading.default\">\n\t\t\t\t<div class=\"elementor-widget-container\">\n\t\t\t\t\t<h2 class=\"elementor-heading-title elementor-size-default\">Apoiar, quando necess\u00e1rio, as atividades de sele\u00e7\u00e3o, forma\u00e7\u00e3o b\u00e1sica e profissional de integrantes da Marinha Mercante e da Marinha do Brasil, provendo recursos materiais e prestando assessoria t\u00e9cnica e acad\u00eamica.<\/h2>\t\t\t\t<\/div>\n\t\t\t\t<\/div>\n\t\t\t\t\t<\/div>\n\t\t<\/div>\n\t\t\t\t\t<\/div>\n\t\t<\/section>\n\t\t\t\t<section class=\"elementor-section elementor-inner-section elementor-element elementor-element-a090a86 elementor-section-boxed elementor-section-height-default elementor-section-height-default\" data-id=\"a090a86\" data-element_type=\"section\">\n\t\t\t\t\t\t<div class=\"elementor-container elementor-column-gap-default\">\n\t\t\t\t\t<div class=\"elementor-column elementor-col-100 elementor-inner-column elementor-element elementor-element-8f4db13\" data-id=\"8f4db13\" data-element_type=\"column\">\n\t\t\t<div class=\"elementor-widget-wrap elementor-element-populated\">\n\t\t\t\t\t\t<div class=\"elementor-element elementor-element-a0f821a elementor-widget elementor-widget-image\" data-id=\"a0f821a\" data-element_type=\"widget\" data-widget_type=\"image.default\">\n\t\t\t\t<div class=\"elementor-widget-container\">\n\t\t\t\t\t\t\t\t\t\t\t\t\t\t\t<img fetchpriority=\"high\" decoding=\"async\" width=\"640\" height=\"480\" src=\"https:\/\/fundacaofemar.org.br\/portalwordpress\/wp-content\/uploads\/2021\/08\/shaah-shahidh-subrrYxv8A-unsplash-1024x768.jpg\" class=\"attachment-large size-large wp-image-3547\" alt=\"\" srcset=\"https:\/\/fundacaofemar.org.br\/portalwordpress\/wp-content\/uploads\/2021\/08\/shaah-shahidh-subrrYxv8A-unsplash-1024x768.jpg 1024w, https:\/\/fundacaofemar.org.br\/portalwordpress\/wp-content\/uploads\/2021\/08\/shaah-shahidh-subrrYxv8A-unsplash-300x225.jpg 300w, https:\/\/fundacaofemar.org.br\/portalwordpress\/wp-content\/uploads\/2021\/08\/shaah-shahidh-subrrYxv8A-unsplash-768x576.jpg 768w, https:\/\/fundacaofemar.org.br\/portalwordpress\/wp-content\/uploads\/2021\/08\/shaah-shahidh-subrrYxv8A-unsplash-1536x1152.jpg 1536w, https:\/\/fundacaofemar.org.br\/portalwordpress\/wp-content\/uploads\/2021\/08\/shaah-shahidh-subrrYxv8A-unsplash-2048x1536.jpg 2048w\" sizes=\"(max-width: 640px) 100vw, 640px\" \/>\t\t\t\t\t\t\t\t\t\t\t\t\t\t\t<\/div>\n\t\t\t\t<\/div>\n\t\t\t\t\t<\/div>\n\t\t<\/div>\n\t\t\t\t\t<\/div>\n\t\t<\/section>\n\t\t\t\t\t<\/div>\n\t\t<\/div>\n\t\t\t\t\t<\/div>\n\t\t<\/section>\n\t\t\t\t<section class=\"elementor-section elementor-top-section elementor-element elementor-element-96ed921 elementor-section-boxed elementor-section-height-default elementor-section-height-default\" data-id=\"96ed921\" data-element_type=\"section\" data-settings=\"{&quot;background_background&quot;:&quot;classic&quot;}\">\n\t\t\t\t\t\t<div class=\"elementor-container elementor-column-gap-default\">\n\t\t\t\t\t<div class=\"elementor-column elementor-col-100 elementor-top-column elementor-element elementor-element-e5b1a44\" data-id=\"e5b1a44\" data-element_type=\"column\" data-settings=\"{&quot;background_background&quot;:&quot;classic&quot;}\">\n\t\t\t<div class=\"elementor-widget-wrap elementor-element-populated\">\n\t\t\t\t\t\t<div class=\"elementor-element elementor-element-43debbe elementor-widget elementor-widget-heading\" data-id=\"43debbe\" data-element_type=\"widget\" data-widget_type=\"heading.default\">\n\t\t\t\t<div class=\"elementor-widget-container\">\n\t\t\t\t\t<h2 class=\"elementor-heading-title elementor-size-default\">Atua\u00e7\u00e3o<\/h2>\t\t\t\t<\/div>\n\t\t\t\t<\/div>\n\t\t\t\t<div class=\"elementor-element elementor-element-ec7b289 elementor-widget elementor-widget-heading\" data-id=\"ec7b289\" data-element_type=\"widget\" data-widget_type=\"heading.default\">\n\t\t\t\t<div class=\"elementor-widget-container\">\n\t\t\t\t\t<h2 class=\"elementor-heading-title elementor-size-default\">Atividades Desenvolvidas<\/h2>\t\t\t\t<\/div>\n\t\t\t\t<\/div>\n\t\t\t\t<div class=\"elementor-element elementor-element-1114158 elementor-widget-divider--view-line elementor-widget elementor-widget-divider\" data-id=\"1114158\" data-element_type=\"widget\" data-widget_type=\"divider.default\">\n\t\t\t\t<div class=\"elementor-widget-container\">\n\t\t\t\t\t\t\t<div class=\"elementor-divider\">\n\t\t\t<span class=\"elementor-divider-separator\">\n\t\t\t\t\t\t<\/span>\n\t\t<\/div>\n\t\t\t\t\t\t<\/div>\n\t\t\t\t<\/div>\n\t\t\t\t<div class=\"elementor-element elementor-element-fab346a elementor-widget elementor-widget-heading\" data-id=\"fab346a\" data-element_type=\"widget\" data-widget_type=\"heading.default\">\n\t\t\t\t<div class=\"elementor-widget-container\">\n\t\t\t\t\t<h2 class=\"elementor-heading-title elementor-size-default\">\u2022 Promover cursos, semin\u00e1rios, congressos e atividades relacionadas com a investiga\u00e7\u00e3o, desenvolvimento e inova\u00e7\u00e3o tecnol\u00f3gica e tamb\u00e9m a forma\u00e7\u00e3o, especializa\u00e7\u00e3o e aperfei\u00e7oamento de pessoal qualificado para a execu\u00e7\u00e3o de projetos p\u00fablicos e privados propostos para atividades mar\u00edtimas;<\/h2>\t\t\t\t<\/div>\n\t\t\t\t<\/div>\n\t\t\t\t<div class=\"elementor-element elementor-element-0b0eb83 elementor-widget elementor-widget-heading\" data-id=\"0b0eb83\" data-element_type=\"widget\" data-widget_type=\"heading.default\">\n\t\t\t\t<div class=\"elementor-widget-container\">\n\t\t\t\t\t<h2 class=\"elementor-heading-title elementor-size-default\">\u2022 Patrocinar estudos, pesquisas e publica\u00e7\u00f5es que visem direta ou indiretamente promover o desenvolvimento e difus\u00e3o de conhecimentos educacionais, culturais, cient\u00edficos e tecnol\u00f3gicos inerentes \u00e0s atividades mar\u00edtimas;<\/h2>\t\t\t\t<\/div>\n\t\t\t\t<\/div>\n\t\t\t\t<div class=\"elementor-element elementor-element-2d2c90f elementor-widget elementor-widget-heading\" data-id=\"2d2c90f\" data-element_type=\"widget\" data-widget_type=\"heading.default\">\n\t\t\t\t<div class=\"elementor-widget-container\">\n\t\t\t\t\t<h2 class=\"elementor-heading-title elementor-size-default\">\u2022 Celebrar acordos e contratos com outras institui\u00e7\u00f5es, p\u00fablicas ou privadas, nacionais ou estrangeiras, para a execu\u00e7\u00e3o de planos, programas e projetos relacionados com as suas atividades, bem como para receber ou prestar assist\u00eancia t\u00e9cnica relacionada com os seus fins;<\/h2>\t\t\t\t<\/div>\n\t\t\t\t<\/div>\n\t\t\t\t<div class=\"elementor-element elementor-element-048757d elementor-widget elementor-widget-heading\" data-id=\"048757d\" data-element_type=\"widget\" data-widget_type=\"heading.default\">\n\t\t\t\t<div class=\"elementor-widget-container\">\n\t\t\t\t\t<h2 class=\"elementor-heading-title elementor-size-default\">\u2022 Apoiar e promover projetos como: ensino, sele\u00e7\u00e3o e forma\u00e7\u00e3o profissional b\u00e1sico, pesquisa e extens\u00e3o; cultural e cient\u00edfico; junto com desenvolvimentos institucionais e inova\u00e7\u00f5es tecnol\u00f3gicas. Todos eles relacionados \u00e0 Marinha do Brasil, Marinha Mercante ou qualquer outra entidade que vise ao desenvolvimento e aprimoramento de pesquisas educacionais, cient\u00edficas e tecnol\u00f3gicas relacionadas ao mar e afins;<\/h2>\t\t\t\t<\/div>\n\t\t\t\t<\/div>\n\t\t\t\t<div class=\"elementor-element elementor-element-4b70f3b elementor-widget elementor-widget-heading\" data-id=\"4b70f3b\" data-element_type=\"widget\" data-widget_type=\"heading.default\">\n\t\t\t\t<div class=\"elementor-widget-container\">\n\t\t\t\t\t<h2 class=\"elementor-heading-title elementor-size-default\">\u2022 Conceder bolsas de pesquisa e extens\u00e3o aos quadros das institui\u00e7\u00f5es apoiadas e envolvidas na execu\u00e7\u00e3o de projetos culturais, de ensino, pesquisa e extens\u00e3o; tais projetos relacionados a desenvolvimentos de inova\u00e7\u00e3o institucional, cient\u00edfica e tecnol\u00f3gica; e<\/h2>\t\t\t\t<\/div>\n\t\t\t\t<\/div>\n\t\t\t\t<div class=\"elementor-element elementor-element-dcc273b elementor-widget elementor-widget-heading\" data-id=\"dcc273b\" data-element_type=\"widget\" data-widget_type=\"heading.default\">\n\t\t\t\t<div class=\"elementor-widget-container\">\n\t\t\t\t\t<h2 class=\"elementor-heading-title elementor-size-default\">\u2022 Captar recursos, com incentivos fiscais, para promo\u00e7\u00e3o da educa\u00e7\u00e3o, cultura, pesquisa, tecnologia da informa\u00e7\u00e3o, automa\u00e7\u00e3o e inova\u00e7\u00e3o, bem como aqueles destinados a empreendimentos que utilizem tecnologias locais.<\/h2>\t\t\t\t<\/div>\n\t\t\t\t<\/div>\n\t\t\t\t\t<\/div>\n\t\t<\/div>\n\t\t\t\t\t<\/div>\n\t\t<\/section>\n\t\t\t\t<section class=\"elementor-section elementor-top-section elementor-element elementor-element-6406bb9b elementor-section-boxed elementor-section-height-default elementor-section-height-default\" data-id=\"6406bb9b\" data-element_type=\"section\" data-settings=\"{&quot;background_background&quot;:&quot;classic&quot;}\">\n\t\t\t\t\t\t\t<div class=\"elementor-background-overlay\"><\/div>\n\t\t\t\t\t\t\t<div class=\"elementor-container elementor-column-gap-default\">\n\t\t\t\t\t<div class=\"elementor-column elementor-col-100 elementor-top-column elementor-element elementor-element-17ffda0c\" data-id=\"17ffda0c\" data-element_type=\"column\" data-settings=\"{&quot;background_background&quot;:&quot;classic&quot;}\">\n\t\t\t<div class=\"elementor-widget-wrap elementor-element-populated\">\n\t\t\t\t\t\t<div class=\"elementor-element elementor-element-2d97831 elementor-widget elementor-widget-heading\" data-id=\"2d97831\" data-element_type=\"widget\" data-widget_type=\"heading.default\">\n\t\t\t\t<div class=\"elementor-widget-container\">\n\t\t\t\t\t<h2 class=\"elementor-heading-title elementor-size-default\">FUNDA\u00c7\u00c3O DE ESTUDOS DO MAR<\/h2>\t\t\t\t<\/div>\n\t\t\t\t<\/div>\n\t\t\t\t<div class=\"elementor-element elementor-element-538e710e elementor-widget elementor-widget-heading\" data-id=\"538e710e\" data-element_type=\"widget\" data-widget_type=\"heading.default\">\n\t\t\t\t<div class=\"elementor-widget-container\">\n\t\t\t\t\t<h2 class=\"elementor-heading-title elementor-size-default\">DESDE 1966 TRAZENDO O MAR AT\u00c9 VOC\u00ca<\/h2>\t\t\t\t<\/div>\n\t\t\t\t<\/div>\n\t\t\t\t<div class=\"elementor-element elementor-element-64ff6f5f elementor-widget elementor-widget-text-editor\" data-id=\"64ff6f5f\" data-element_type=\"widget\" data-widget_type=\"text-editor.default\">\n\t\t\t\t<div class=\"elementor-widget-container\">\n\t\t\t\t\t\t\t\t\t<p>\u201cEsta Funda\u00e7\u00e3o, o legado que recebo de nosso Fundador, nasceu da ideia de reunir os homens que vivem do mar e os que vivem para o mar, para acordar o Brasil e incutir nas elites dirigentes e no seu povo, a convic\u00e7\u00e3o permanente e profunda de que o Brasil n\u00e3o \u00e9 vi\u00e1vel sem o seu mar.\u201d \u2014\u00a0<b>Alte. Paulo de Castro Moreira da Silva<\/b>,\u00a0<em>Presidente da FEMAR de 1968 a 1983<\/em><\/p>\t\t\t\t\t\t\t\t<\/div>\n\t\t\t\t<\/div>\n\t\t\t\t\t<\/div>\n\t\t<\/div>\n\t\t\t\t\t<\/div>\n\t\t<\/section>\n\t\t\t\t<\/div>\n\t\t<\/div>","protected":false},"excerpt":{"rendered":"<p>ATUA\u00c7\u00c3O ENSINO, PESQUISA &#038; EXTENS\u00c3O A Funda\u00e7\u00e3o destina-se a contribuir para o conhecimento dos aspectos<a href=\"https:\/\/fundacaofemar.org.br\/portalwordpress\/atuacao\/\" class=\"bizfit-read-more\">Leia Mais<i class=\"fa fa-long-arrow-right\" aria-hidden=\"true\"><\/i><\/a><\/p>\n","protected":false},"author":2,"featured_media":0,"parent":0,"menu_order":0,"comment_status":"closed","ping_status":"closed","template":"page-templates\/full-width.php","meta":{"footnotes":""},"class_list":["post-2075","page","type-page","status-publish","hentry"],"rise-blocks_excerpt":"ATUA\u00c7\u00c3O ENSINO, PESQUISA &#038; EXTENS\u00c3O A Funda\u00e7\u00e3o destina-se a contribuir para o conhecimento dos aspectos s\u00f3cio-econ\u00f4micos e pol\u00edticos do mar, bem como dos problemas a ele referentes; valorizar a pessoa do trabalhador da ind\u00fastria de constru\u00e7\u00e3o naval, do transporte aquavi\u00e1rio e da pesca, promovendo a maior produtividade dessas atividades comerciais e industriais; procurar os meios para racionaliza\u00e7\u00e3o do trabalho nos..","_links":{"self":[{"href":"https:\/\/fundacaofemar.org.br\/portalwordpress\/wp-json\/wp\/v2\/pages\/2075","targetHints":{"allow":["GET"]}}],"collection":[{"href":"https:\/\/fundacaofemar.org.br\/portalwordpress\/wp-json\/wp\/v2\/pages"}],"about":[{"href":"https:\/\/fundacaofemar.org.br\/portalwordpress\/wp-json\/wp\/v2\/types\/page"}],"author":[{"embeddable":true,"href":"https:\/\/fundacaofemar.org.br\/portalwordpress\/wp-json\/wp\/v2\/users\/2"}],"replies":[{"embeddable":true,"href":"https:\/\/fundacaofemar.org.br\/portalwordpress\/wp-json\/wp\/v2\/comments?post=2075"}],"version-history":[{"count":0,"href":"https:\/\/fundacaofemar.org.br\/portalwordpress\/wp-json\/wp\/v2\/pages\/2075\/revisions"}],"wp:attachment":[{"href":"https:\/\/fundacaofemar.org.br\/portalwordpress\/wp-json\/wp\/v2\/media?parent=2075"}],"curies":[{"name":"wp","href":"https:\/\/api.w.org\/{rel}","templated":true}]}}