{"id":2982,"date":"2021-07-27T18:47:04","date_gmt":"2021-07-27T21:47:04","guid":{"rendered":"https:\/\/fundacaofemar.org.br\/portalwordpress\/?page_id=2982"},"modified":"2026-03-16T13:41:15","modified_gmt":"2026-03-16T16:41:15","slug":"governanca","status":"publish","type":"page","link":"https:\/\/fundacaofemar.org.br\/portalwordpress\/institucional\/governanca\/","title":{"rendered":"Governan\u00e7a"},"content":{"rendered":"<div class=\"post-content\">\t\t<div data-elementor-type=\"wp-page\" data-elementor-id=\"2982\" class=\"elementor elementor-2982\">\n\t\t\t\t\t\t<section class=\"elementor-section elementor-top-section elementor-element elementor-element-3e7a4c1a elementor-section-boxed elementor-section-height-default elementor-section-height-default\" data-id=\"3e7a4c1a\" data-element_type=\"section\">\n\t\t\t\t\t\t<div class=\"elementor-container elementor-column-gap-default\">\n\t\t\t\t\t<div class=\"elementor-column elementor-col-100 elementor-top-column elementor-element elementor-element-5a086efc\" data-id=\"5a086efc\" data-element_type=\"column\" data-settings=\"{&quot;background_background&quot;:&quot;classic&quot;}\">\n\t\t\t<div class=\"elementor-widget-wrap elementor-element-populated\">\n\t\t\t\t\t\t<div class=\"elementor-element elementor-element-296e2bdd elementor-widget elementor-widget-heading\" data-id=\"296e2bdd\" data-element_type=\"widget\" data-widget_type=\"heading.default\">\n\t\t\t\t<div class=\"elementor-widget-container\">\n\t\t\t\t\t<h2 class=\"elementor-heading-title elementor-size-default\">INSTITUCIONAL<\/h2>\t\t\t\t<\/div>\n\t\t\t\t<\/div>\n\t\t\t\t<div class=\"elementor-element elementor-element-5efafea3 elementor-widget elementor-widget-heading\" data-id=\"5efafea3\" data-element_type=\"widget\" data-widget_type=\"heading.default\">\n\t\t\t\t<div class=\"elementor-widget-container\">\n\t\t\t\t\t<h2 class=\"elementor-heading-title elementor-size-default\">GOVERNAN\u00c7A<\/h2>\t\t\t\t<\/div>\n\t\t\t\t<\/div>\n\t\t\t\t<div class=\"elementor-element elementor-element-40b2d60d elementor-widget-divider--view-line elementor-widget elementor-widget-divider\" data-id=\"40b2d60d\" data-element_type=\"widget\" data-widget_type=\"divider.default\">\n\t\t\t\t<div class=\"elementor-widget-container\">\n\t\t\t\t\t\t\t<div class=\"elementor-divider\">\n\t\t\t<span class=\"elementor-divider-separator\">\n\t\t\t\t\t\t<\/span>\n\t\t<\/div>\n\t\t\t\t\t\t<\/div>\n\t\t\t\t<\/div>\n\t\t\t\t<div class=\"elementor-element elementor-element-dcbbe39 elementor-widget elementor-widget-heading\" data-id=\"dcbbe39\" data-element_type=\"widget\" data-widget_type=\"heading.default\">\n\t\t\t\t<div class=\"elementor-widget-container\">\n\t\t\t\t\t<h2 class=\"elementor-heading-title elementor-size-default\">A FEMAR trabalha com uma estrutura simples, porem adequada para o desenvolvimento de suas atividades de Gerenciamento de Projetos e Ensino<\/h2>\t\t\t\t<\/div>\n\t\t\t\t<\/div>\n\t\t\t\t\t<\/div>\n\t\t<\/div>\n\t\t\t\t\t<\/div>\n\t\t<\/section>\n\t\t\t\t<section class=\"elementor-section elementor-top-section elementor-element elementor-element-3f7e52a elementor-section-boxed elementor-section-height-default elementor-section-height-default\" data-id=\"3f7e52a\" data-element_type=\"section\">\n\t\t\t\t\t\t<div class=\"elementor-container elementor-column-gap-default\">\n\t\t\t\t\t<div class=\"elementor-column elementor-col-100 elementor-top-column elementor-element elementor-element-bfaace1\" data-id=\"bfaace1\" data-element_type=\"column\">\n\t\t\t<div class=\"elementor-widget-wrap elementor-element-populated\">\n\t\t\t\t\t\t<div class=\"elementor-element elementor-element-a8a8f61 elementor-tabs-alignment-center elementor-tabs-view-horizontal elementor-widget elementor-widget-tabs\" data-id=\"a8a8f61\" data-element_type=\"widget\" data-widget_type=\"tabs.default\">\n\t\t\t\t<div class=\"elementor-widget-container\">\n\t\t\t\t\t\t\t<div class=\"elementor-tabs\">\n\t\t\t<div class=\"elementor-tabs-wrapper\" role=\"tablist\" >\n\t\t\t\t\t\t\t\t\t<div id=\"elementor-tab-title-1761\" class=\"elementor-tab-title elementor-tab-desktop-title\" aria-selected=\"true\" data-tab=\"1\" role=\"tab\" tabindex=\"0\" aria-controls=\"elementor-tab-content-1761\" aria-expanded=\"false\">CONSELHO DE PARTICIPANTES<\/div>\n\t\t\t\t\t\t\t\t\t<div id=\"elementor-tab-title-1762\" class=\"elementor-tab-title elementor-tab-desktop-title\" aria-selected=\"false\" data-tab=\"2\" role=\"tab\" tabindex=\"-1\" aria-controls=\"elementor-tab-content-1762\" aria-expanded=\"false\">CONSELHO CURADOR<\/div>\n\t\t\t\t\t\t\t\t\t<div id=\"elementor-tab-title-1763\" class=\"elementor-tab-title elementor-tab-desktop-title\" aria-selected=\"false\" data-tab=\"3\" role=\"tab\" tabindex=\"-1\" aria-controls=\"elementor-tab-content-1763\" aria-expanded=\"false\">CONSELHO DIRETOR<\/div>\n\t\t\t\t\t\t\t\t\t<div id=\"elementor-tab-title-1764\" class=\"elementor-tab-title elementor-tab-desktop-title\" aria-selected=\"false\" data-tab=\"4\" role=\"tab\" tabindex=\"-1\" aria-controls=\"elementor-tab-content-1764\" aria-expanded=\"false\">CONSELHO FISCAL<\/div>\n\t\t\t\t\t\t\t\t\t<div id=\"elementor-tab-title-1765\" class=\"elementor-tab-title elementor-tab-desktop-title\" aria-selected=\"false\" data-tab=\"5\" role=\"tab\" tabindex=\"-1\" aria-controls=\"elementor-tab-content-1765\" aria-expanded=\"false\">CONSELHO EDITORIAL<\/div>\n\t\t\t\t\t\t\t<\/div>\n\t\t\t<div class=\"elementor-tabs-content-wrapper\" role=\"tablist\" aria-orientation=\"vertical\">\n\t\t\t\t\t\t\t\t\t<div class=\"elementor-tab-title elementor-tab-mobile-title\" aria-selected=\"true\" data-tab=\"1\" role=\"tab\" tabindex=\"0\" aria-controls=\"elementor-tab-content-1761\" aria-expanded=\"false\">CONSELHO DE PARTICIPANTES<\/div>\n\t\t\t\t\t<div id=\"elementor-tab-content-1761\" class=\"elementor-tab-content elementor-clearfix\" data-tab=\"1\" role=\"tabpanel\" aria-labelledby=\"elementor-tab-title-1761\" tabindex=\"0\" hidden=\"false\"><table>\n<tbody>\n<tr>\n<td width=\"623\"><strong>Nome completo: <\/strong>MARCELO FRANCISCO CAMPOS<\/td>\n<\/tr>\n<tr>\n<td width=\"623\"><strong>Cargo: <\/strong>Presidente do Conselho<\/td>\n<\/tr>\n<tr>\n<td width=\"623\"><strong>Institui\u00e7\u00e3o: <\/strong>FEMAR<\/td>\n<\/tr>\n<\/tbody>\n<\/table>\n<table>\n<tbody>\n<tr>\n<td width=\"623\"><strong>Nome completo: <\/strong>H\u00c9LIO MOURINHO GARCIA JUNIOR<\/td>\n<\/tr>\n<tr>\n<td width=\"623\"><strong>Cargo: <\/strong>Membro do Conselho<\/td>\n<\/tr>\n<tr>\n<td width=\"623\"><strong>Institui\u00e7\u00e3o: <\/strong>Clube Naval<\/td>\n<\/tr>\n<\/tbody>\n<\/table>\n<table>\n<tbody>\n<tr>\n<td width=\"623\"><strong>Nome completo: <\/strong>RAILDO VIANA DO NASCIMENTO JUNIOR<\/td>\n<\/tr>\n<tr>\n<td width=\"623\"><strong>Cargo: <\/strong>Membro do Conselho<\/td>\n<\/tr>\n<tr>\n<td width=\"623\"><strong>Institui\u00e7\u00e3o: <\/strong>TRANSPETRO<\/td>\n<\/tr>\n<\/tbody>\n<\/table>\n<table>\n<tbody>\n<tr>\n<td width=\"623\"><strong>Nome completo: <\/strong>M\u00c1RIO BASTOS FERRAZ DE MENDON\u00c7A<\/td>\n<\/tr>\n<tr>\n<td width=\"623\"><strong>Cargo: <\/strong>Membro do Conselho<\/td>\n<\/tr>\n<tr>\n<td width=\"623\"><strong>Institui\u00e7\u00e3o: <\/strong>SYNDARMA<\/td>\n<\/tr>\n<\/tbody>\n<\/table>\n<table>\n<tbody>\n<tr>\n<td width=\"623\"><strong>Nome completo: <\/strong>JORGE ANTONIO DE FARIA<\/td>\n<\/tr>\n<tr>\n<td width=\"623\"><strong>Cargo: <\/strong>Membro do Conselho<\/td>\n<\/tr>\n<tr>\n<td width=\"623\"><strong>Institui\u00e7\u00e3o: <\/strong>SINAVAL<\/td>\n<\/tr>\n<\/tbody>\n<\/table>\n<table>\n<tbody>\n<tr>\n<td width=\"623\"><strong>Nome completo: <\/strong>VLADIMIR COSTA MALUF<\/td>\n<\/tr>\n<tr>\n<td width=\"623\"><strong>Cargo: <\/strong>Membro do Conselho<\/td>\n<\/tr>\n<tr>\n<td width=\"623\"><strong>Institui\u00e7\u00e3o: <\/strong>CHM<\/td>\n<\/tr>\n<\/tbody>\n<\/table>\n<table>\n<tbody>\n<tr>\n<td width=\"623\"><strong>Nome completo: <\/strong>VICENTE BARROSO JUNIOR<\/td>\n<\/tr>\n<tr>\n<td width=\"623\"><strong>Cargo: <\/strong>Membro do Conselho<\/td>\n<\/tr>\n<tr>\n<td width=\"623\"><strong>Institui\u00e7\u00e3o: <\/strong>IEAPM<\/td>\n<\/tr>\n<\/tbody>\n<\/table>\n<table>\n<tbody>\n<tr>\n<td width=\"623\"><strong>Nome completo: <\/strong>INGRID SAMILLE DE BRITO OLIVEIRA<\/td>\n<\/tr>\n<tr>\n<td width=\"623\"><strong>Cargo: <\/strong>Membro do Conselho<\/td>\n<\/tr>\n<tr>\n<td width=\"623\"><strong>Institui\u00e7\u00e3o: <\/strong>SINDARIO<\/td>\n<\/tr>\n<\/tbody>\n<\/table>\n<table>\n<tbody>\n<tr>\n<td width=\"623\"><strong>Nome completo: <\/strong>ROBERTO PITA LOPES MEDEIROS<\/td>\n<\/tr>\n<tr>\n<td width=\"623\"><strong>Cargo: <\/strong>Membro do Conselho<\/td>\n<\/tr>\n<tr>\n<td width=\"623\"><strong>Institui\u00e7\u00e3o: <\/strong>Log-In<\/td>\n<\/tr>\n<\/tbody>\n<\/table>\n<table>\n<tbody>\n<tr>\n<td width=\"623\"><strong>Nome completo: <\/strong>M\u00c1RCIO AUR\u00c9LIO DE LIMA ROCHA<\/td>\n<\/tr>\n<tr>\n<td width=\"623\"><strong>Cargo: <\/strong>Membro do Conselho<\/td>\n<\/tr>\n<tr>\n<td width=\"623\"><strong>Institui\u00e7\u00e3o: <\/strong>DGDNTM<\/td>\n<\/tr>\n<\/tbody>\n<\/table>\n<table>\n<tbody>\n<tr>\n<td width=\"623\"><strong>Nome completo: <\/strong>PAULO AUGUSTO NEVES DE CARVALHO DIAS<\/td>\n<\/tr>\n<tr>\n<td width=\"623\"><strong>Cargo: <\/strong>Membro do Conselho<\/td>\n<\/tr>\n<tr>\n<td width=\"623\"><strong>Institui\u00e7\u00e3o:&nbsp; <\/strong>CASNAV<strong><br><\/strong><\/td>\n<\/tr>\n<\/tbody>\n<\/table>\n<table>\n<tbody>\n<tr>\n<td width=\"623\"><strong>Nome completo: <\/strong>JOS\u00c9 SILVIO FONSECA TAVARES J\u00daNIOR<\/td>\n<\/tr>\n<tr>\n<td width=\"623\"><strong>Cargo: <\/strong>Membro do Conselho<\/td>\n<\/tr>\n<tr>\n<td width=\"623\"><strong>Institui\u00e7\u00e3o: <\/strong>DEnsM<\/td>\n<\/tr>\n<\/tbody>\n<\/table>\n<table>\n<tbody>\n<tr>\n<td width=\"623\"><strong>Nome completo: <\/strong>LUIZ FELIPE QUEIJO CORREIA<\/td>\n<\/tr>\n<tr>\n<td width=\"623\"><strong>Cargo: <\/strong>Membro do Conselho<\/td>\n<\/tr>\n<tr>\n<td width=\"623\"><strong>Institui\u00e7\u00e3o: <\/strong>SECIRM<\/td>\n<\/tr>\n<\/tbody>\n<\/table>\n<table>\n<tbody>\n<tr>\n<td width=\"623\"><strong>Nome completo: <\/strong>GIOVANNI DE OLIVEIRA COSENTINO<\/td>\n<\/tr>\n<tr>\n<td width=\"623\"><strong>Cargo: <\/strong>Membro do Conselho<\/td>\n<\/tr>\n<tr>\n<td width=\"623\"><strong>Institui\u00e7\u00e3o: <\/strong>Instituto de Pesquisas da Marinha do Brasil &#8211; IPqM<\/td>\n<\/tr>\n<\/tbody>\n<\/table><\/div>\n\t\t\t\t\t\t\t\t\t<div class=\"elementor-tab-title elementor-tab-mobile-title\" aria-selected=\"false\" data-tab=\"2\" role=\"tab\" tabindex=\"-1\" aria-controls=\"elementor-tab-content-1762\" aria-expanded=\"false\">CONSELHO CURADOR<\/div>\n\t\t\t\t\t<div id=\"elementor-tab-content-1762\" class=\"elementor-tab-content elementor-clearfix\" data-tab=\"2\" role=\"tabpanel\" aria-labelledby=\"elementor-tab-title-1762\" tabindex=\"0\" hidden=\"hidden\"><table>\n<tbody>\n<tr>\n<td width=\"623\"><strong>Nome completo: <\/strong>H\u00c9LIO MOURINHO GARCIA JUNIOR<\/td>\n<\/tr>\n<tr>\n<td width=\"623\"><strong>Cargo: <\/strong>Presidente do Conselho<\/td>\n<\/tr>\n<tr>\n<td width=\"623\"><strong>Institui\u00e7\u00e3o: <\/strong>Clube Naval<\/td>\n<\/tr>\n<\/tbody>\n<\/table>\n<table>\n<tbody>\n<tr>\n<td width=\"623\"><strong>Nome completo: <\/strong>RAILDO VIANA DO NASCIMENTO JUNIOR<\/td>\n<\/tr>\n<tr>\n<td width=\"623\"><strong>Cargo: <\/strong>Membro do Conselho<\/td>\n<\/tr>\n<tr>\n<td width=\"623\"><strong>Institui\u00e7\u00e3o: <\/strong>Petrobras Transporte S\/A &#8211; TRANSPETRO<\/td>\n<\/tr>\n<\/tbody>\n<\/table>\n<table>\n<tbody>\n<tr>\n<td width=\"623\"><strong>Nome completo: <\/strong>MARCIO AUR\u00c9LIO DE LIMA ROCHA<\/td>\n<\/tr>\n<tr>\n<td width=\"623\"><strong>Cargo: <\/strong>Membro do Conselho<\/td>\n<\/tr>\n<tr>\n<td width=\"623\"><strong>Institui\u00e7\u00e3o: <\/strong>Diretoria Geral de Desenvolvimento Nuclear e Tecnol\u00f3gico da Marinha do Brasil &#8211; DGDNTM<\/td>\n<\/tr>\n<\/tbody>\n<\/table>\n<table>\n<tbody>\n<tr>\n<td width=\"623\"><strong>Nome completo: <\/strong>VLADIMIR COSTA MALUF<\/td>\n<\/tr>\n<tr>\n<td width=\"623\"><strong>Cargo: <\/strong>Membro do Conselho<\/td>\n<\/tr>\n<tr>\n<td width=\"623\"><strong>Institui\u00e7\u00e3o: <\/strong>CHN<\/td>\n<\/tr>\n<\/tbody>\n<\/table>\n<table>\n<tbody>\n<tr>\n<td width=\"623\"><strong>Nome completo: <\/strong>PAULO AUGUSTO NEVES DE CARVALHO ELIAS<\/td>\n<\/tr>\n<tr>\n<td width=\"623\"><strong>Cargo: <\/strong>Membro do Conselho<\/td>\n<\/tr>\n<tr>\n<td width=\"623\"><strong>Institui\u00e7\u00e3o: <\/strong>Centro de An\u00e1lises de Sistemas Navais da Marinha do Brasil &#8211; CASNAV<\/td>\n<\/tr>\n<\/tbody>\n<\/table>\n<table>\n<tbody>\n<tr>\n<td width=\"623\"><strong>Nome completo: <\/strong>M\u00c1RIO BASTOS FERRAZ DE MENDON\u00c7A<\/td>\n<\/tr>\n<tr>\n<td width=\"623\"><strong>Cargo: <\/strong>Membro do Conselho<\/td>\n<\/tr>\n<tr>\n<td width=\"623\"><strong>Institui\u00e7\u00e3o: <\/strong>Sindicato Nacional das Empresas de Navega\u00e7\u00e3o Mar\u00edtima &#8211; SYNDARMA<\/td>\n<\/tr>\n<\/tbody>\n<\/table>\n<table>\n<tbody>\n<tr>\n<td width=\"623\"><strong>Nome completo: <\/strong>VICENTE BARROSO JUNIOR<\/td>\n<\/tr>\n<tr>\n<td width=\"623\"><strong>Cargo: <\/strong>Membro do Conselho<\/td>\n<\/tr>\n<tr>\n<td width=\"623\"><strong>Institui\u00e7\u00e3o: <\/strong>IEAPM<\/td>\n<\/tr>\n<\/tbody>\n<\/table><\/div>\n\t\t\t\t\t\t\t\t\t<div class=\"elementor-tab-title elementor-tab-mobile-title\" aria-selected=\"false\" data-tab=\"3\" role=\"tab\" tabindex=\"-1\" aria-controls=\"elementor-tab-content-1763\" aria-expanded=\"false\">CONSELHO DIRETOR<\/div>\n\t\t\t\t\t<div id=\"elementor-tab-content-1763\" class=\"elementor-tab-content elementor-clearfix\" data-tab=\"3\" role=\"tabpanel\" aria-labelledby=\"elementor-tab-title-1763\" tabindex=\"0\" hidden=\"hidden\"><table>\n<tbody>\n<tr>\n<td width=\"623\"><strong>Nome completo: <\/strong>MARCELO FRANCISCO CAMPOS<\/td>\n<\/tr>\n<tr>\n<td width=\"623\"><strong>Cargo: <\/strong>Presidente do Conselho<\/td>\n<\/tr>\n<tr>\n<td width=\"623\"><strong>Institui\u00e7\u00e3o: <\/strong>FEMAR<\/td>\n<\/tr>\n<\/tbody>\n<\/table>\n<table>\n<tbody>\n<tr>\n<td width=\"623\"><strong>Nome completo: <\/strong>JAYME TEIXEIRA PINTO FILHO<\/td>\n<\/tr>\n<tr>\n<td width=\"623\"><strong>Cargo: <\/strong>Vice-Presidente do Conselho<\/td>\n<\/tr>\n<tr>\n<td width=\"623\"><strong>Institui\u00e7\u00e3o: <\/strong>FEMAR<\/td>\n<\/tr>\n<\/tbody>\n<\/table><\/div>\n\t\t\t\t\t\t\t\t\t<div class=\"elementor-tab-title elementor-tab-mobile-title\" aria-selected=\"false\" data-tab=\"4\" role=\"tab\" tabindex=\"-1\" aria-controls=\"elementor-tab-content-1764\" aria-expanded=\"false\">CONSELHO FISCAL<\/div>\n\t\t\t\t\t<div id=\"elementor-tab-content-1764\" class=\"elementor-tab-content elementor-clearfix\" data-tab=\"4\" role=\"tabpanel\" aria-labelledby=\"elementor-tab-title-1764\" tabindex=\"0\" hidden=\"hidden\"><table><tbody><tr><td width=\"623\"><strong>Nome completo: <\/strong>FREDERICO ANT\u00d3NIO PALMEIRA DE OLIVEIRA<\/td><\/tr><tr><td width=\"623\"><strong>Cargo: <\/strong>Presidente do Conselho<\/td><\/tr><tr><td width=\"623\"><strong>Institui\u00e7\u00e3o: <\/strong>SINDARIO<\/td><\/tr><\/tbody><\/table><table><tbody><tr><td width=\"623\"><strong>Nome completo: <\/strong>CRISTIANO PEIXOTO FONSECA<\/td><\/tr><tr><td width=\"623\"><strong>Cargo: <\/strong>Membro do Conselho<\/td><\/tr><tr><td width=\"623\"><strong>Institui\u00e7\u00e3o: <\/strong>IPQM<\/td><\/tr><\/tbody><\/table><table><tbody><tr><td width=\"623\"><strong>Nome completo: <\/strong>F\u00c1BIO MANOEL PINTO<\/td><\/tr><tr><td width=\"623\"><strong>Cargo: <\/strong>Membro do Conselho<\/td><\/tr><tr><td width=\"623\"><strong>Institui\u00e7\u00e3o: <\/strong>DEnsM<\/td><\/tr><\/tbody><\/table><table><tbody><tr><td width=\"623\"><strong>Nome completo: <\/strong>STENIO MANOEL DE LIMA<\/td><\/tr><tr><td width=\"623\"><strong>Cargo: <\/strong>Membro do Conselho (suplente)<\/td><\/tr><tr><td width=\"623\"><strong>Institui\u00e7\u00e3o: <\/strong>IPQM<\/td><\/tr><\/tbody><\/table><table><tbody><tr><td width=\"623\"><strong>Nome completo: <\/strong>INGRID SAMILLE DE BRITO OLIVEIRA<\/td><\/tr><tr><td width=\"623\"><strong>Cargo: <\/strong>Membro do Conselho (suplente)<\/td><\/tr><tr><td width=\"623\"><strong>Institui\u00e7\u00e3o: <\/strong>SINDARIO<\/td><\/tr><\/tbody><\/table><table><tbody><tr><td width=\"623\"><strong>Nome completo: <\/strong>CRISTIANE DIAS PONTES DA SILVA<\/td><\/tr><tr><td width=\"623\"><strong>Cargo: <\/strong>Membro do Conselho (suplente)<\/td><\/tr><tr><td width=\"623\"><strong>Institui\u00e7\u00e3o: <\/strong>DEnsM<\/td><\/tr><\/tbody><\/table><\/div>\n\t\t\t\t\t\t\t\t\t<div class=\"elementor-tab-title elementor-tab-mobile-title\" aria-selected=\"false\" data-tab=\"5\" role=\"tab\" tabindex=\"-1\" aria-controls=\"elementor-tab-content-1765\" aria-expanded=\"false\">CONSELHO EDITORIAL<\/div>\n\t\t\t\t\t<div id=\"elementor-tab-content-1765\" class=\"elementor-tab-content elementor-clearfix\" data-tab=\"5\" role=\"tabpanel\" aria-labelledby=\"elementor-tab-title-1765\" tabindex=\"0\" hidden=\"hidden\"><table><tbody><tr><td width=\"623\"><strong>Nome completo: <\/strong>WILLIAM DE SOUSA MOREIRA<\/td><\/tr><tr><td width=\"623\"><strong>Cargo: <\/strong>Presidente do Conselho<\/td><\/tr><tr><td width=\"623\"><strong>Institui\u00e7\u00e3o: <\/strong>Escola de Guerra Naval &#8211; EGN<\/td><\/tr><\/tbody><\/table><table><tbody><tr><td width=\"623\"><strong>Nome completo: <\/strong>ANDR\u00c9 PANNO BEIR\u00c3O\u00a0<\/td><\/tr><tr><td width=\"623\"><strong>Cargo: <\/strong>Membro do Conselho<\/td><\/tr><tr><td width=\"623\"><strong>Institui\u00e7\u00e3o:\u00a0<\/strong>Escola de Guerra Naval &#8211;<strong>\u00a0<\/strong>EGN<strong><br \/><\/strong><\/td><\/tr><\/tbody><\/table><table><tbody><tr><td width=\"623\"><strong>Nome completo: <\/strong>ROG\u00c9RIO CIRILO<\/td><\/tr><tr><td width=\"623\"><strong>Cargo: <\/strong>Membro do Conselho<\/td><\/tr><tr><td width=\"623\"><strong>Institui\u00e7\u00e3o:<\/strong>Escola de Guerra Naval &#8211; EGN<strong><br \/><\/strong><\/td><\/tr><\/tbody><\/table><\/div>\n\t\t\t\t\t\t\t<\/div>\n\t\t<\/div>\n\t\t\t\t\t\t<\/div>\n\t\t\t\t<\/div>\n\t\t\t\t\t<\/div>\n\t\t<\/div>\n\t\t\t\t\t<\/div>\n\t\t<\/section>\n\t\t\t\t<section class=\"elementor-section elementor-top-section elementor-element elementor-element-41ef5aef elementor-section-boxed elementor-section-height-default elementor-section-height-default\" data-id=\"41ef5aef\" data-element_type=\"section\" data-settings=\"{&quot;background_background&quot;:&quot;gradient&quot;}\">\n\t\t\t\t\t\t<div class=\"elementor-container elementor-column-gap-no\">\n\t\t\t\t\t<div class=\"elementor-column elementor-col-100 elementor-top-column elementor-element elementor-element-44d79293\" data-id=\"44d79293\" data-element_type=\"column\">\n\t\t\t<div class=\"elementor-widget-wrap elementor-element-populated\">\n\t\t\t\t\t\t<section class=\"elementor-section elementor-inner-section elementor-element elementor-element-65be803d elementor-section-boxed elementor-section-height-default elementor-section-height-default\" data-id=\"65be803d\" data-element_type=\"section\">\n\t\t\t\t\t\t<div class=\"elementor-container elementor-column-gap-default\">\n\t\t\t\t\t<div class=\"elementor-column elementor-col-50 elementor-inner-column elementor-element elementor-element-2658869c\" data-id=\"2658869c\" data-element_type=\"column\">\n\t\t\t<div class=\"elementor-widget-wrap elementor-element-populated\">\n\t\t\t\t\t\t<div class=\"elementor-element elementor-element-276b8e37 elementor-widget elementor-widget-heading\" data-id=\"276b8e37\" data-element_type=\"widget\" data-widget_type=\"heading.default\">\n\t\t\t\t<div class=\"elementor-widget-container\">\n\t\t\t\t\t<h2 class=\"elementor-heading-title elementor-size-default\">Acesse aqui nosso ORGANOGRAMA<\/h2>\t\t\t\t<\/div>\n\t\t\t\t<\/div>\n\t\t\t\t\t<\/div>\n\t\t<\/div>\n\t\t\t\t<div class=\"elementor-column elementor-col-50 elementor-inner-column elementor-element elementor-element-420d873b\" data-id=\"420d873b\" data-element_type=\"column\">\n\t\t\t<div class=\"elementor-widget-wrap elementor-element-populated\">\n\t\t\t\t\t\t<div class=\"elementor-element elementor-element-4b23dd78 elementor-align-center elementor-widget__width-auto elementor-mobile-align-center elementor-widget elementor-widget-button\" data-id=\"4b23dd78\" data-element_type=\"widget\" data-widget_type=\"button.default\">\n\t\t\t\t<div class=\"elementor-widget-container\">\n\t\t\t\t\t\t\t\t\t<div class=\"elementor-button-wrapper\">\n\t\t\t\t\t<a class=\"elementor-button elementor-button-link elementor-size-sm\" href=\"https:\/\/fundacaofemar.org.br\/portalwordpress\/wp-content\/uploads\/2021\/07\/Organograma-FEMAR-2019.png\" target=\"_blank\">\n\t\t\t\t\t\t<span class=\"elementor-button-content-wrapper\">\n\t\t\t\t\t\t<span class=\"elementor-button-icon\">\n\t\t\t\t<i aria-hidden=\"true\" class=\"fas fa-image\"><\/i>\t\t\t<\/span>\n\t\t\t\t\t\t\t\t\t<span class=\"elementor-button-text\">Organograma<\/span>\n\t\t\t\t\t<\/span>\n\t\t\t\t\t<\/a>\n\t\t\t\t<\/div>\n\t\t\t\t\t\t\t\t<\/div>\n\t\t\t\t<\/div>\n\t\t\t\t\t<\/div>\n\t\t<\/div>\n\t\t\t\t\t<\/div>\n\t\t<\/section>\n\t\t\t\t\t<\/div>\n\t\t<\/div>\n\t\t\t\t\t<\/div>\n\t\t<\/section>\n\t\t\t\t<section class=\"elementor-section elementor-top-section elementor-element elementor-element-10fe561 elementor-section-boxed elementor-section-height-default elementor-section-height-default\" data-id=\"10fe561\" data-element_type=\"section\" data-settings=\"{&quot;background_background&quot;:&quot;classic&quot;}\">\n\t\t\t\t\t\t\t<div class=\"elementor-background-overlay\"><\/div>\n\t\t\t\t\t\t\t<div class=\"elementor-container elementor-column-gap-default\">\n\t\t\t\t\t<div class=\"elementor-column elementor-col-100 elementor-top-column elementor-element elementor-element-7b27df89\" data-id=\"7b27df89\" data-element_type=\"column\" data-settings=\"{&quot;background_background&quot;:&quot;classic&quot;}\">\n\t\t\t<div class=\"elementor-widget-wrap elementor-element-populated\">\n\t\t\t\t\t\t<div class=\"elementor-element elementor-element-56df748f elementor-widget elementor-widget-heading\" data-id=\"56df748f\" data-element_type=\"widget\" data-widget_type=\"heading.default\">\n\t\t\t\t<div class=\"elementor-widget-container\">\n\t\t\t\t\t<h2 class=\"elementor-heading-title elementor-size-default\">FUNDA\u00c7\u00c3O DE ESTUDOS DO MAR<\/h2>\t\t\t\t<\/div>\n\t\t\t\t<\/div>\n\t\t\t\t<div class=\"elementor-element elementor-element-104d5491 elementor-widget elementor-widget-heading\" data-id=\"104d5491\" data-element_type=\"widget\" data-widget_type=\"heading.default\">\n\t\t\t\t<div class=\"elementor-widget-container\">\n\t\t\t\t\t<h2 class=\"elementor-heading-title elementor-size-default\">DESDE 1966 TRAZENDO O MAR AT\u00c9 VOC\u00ca<\/h2>\t\t\t\t<\/div>\n\t\t\t\t<\/div>\n\t\t\t\t<div class=\"elementor-element elementor-element-26adb08f elementor-widget elementor-widget-text-editor\" data-id=\"26adb08f\" data-element_type=\"widget\" data-widget_type=\"text-editor.default\">\n\t\t\t\t<div class=\"elementor-widget-container\">\n\t\t\t\t\t\t\t\t\t<p>\u201cEsta Funda\u00e7\u00e3o, o legado que recebo de nosso Fundador, nasceu da ideia de reunir os homens que vivem do mar e os que vivem para o mar, para acordar o Brasil e incutir nas elites dirigentes e no seu povo, a convic\u00e7\u00e3o permanente e profunda de que o Brasil n\u00e3o \u00e9 vi\u00e1vel sem o seu mar.\u201d \u2014\u00a0<b>Alte. Paulo de Castro Moreira da Silva<\/b>,\u00a0<em>Presidente da FEMAR de 1968 a 1983<\/em><\/p>\t\t\t\t\t\t\t\t<\/div>\n\t\t\t\t<\/div>\n\t\t\t\t\t<\/div>\n\t\t<\/div>\n\t\t\t\t\t<\/div>\n\t\t<\/section>\n\t\t\t\t<\/div>\n\t\t<\/div>","protected":false},"excerpt":{"rendered":"<p>INSTITUCIONAL GOVERNAN\u00c7A A FEMAR trabalha com uma estrutura simples, porem adequada para o desenvolvimento de<a href=\"https:\/\/fundacaofemar.org.br\/portalwordpress\/institucional\/governanca\/\" class=\"bizfit-read-more\">Leia Mais<i class=\"fa fa-long-arrow-right\" aria-hidden=\"true\"><\/i><\/a><\/p>\n","protected":false},"author":2,"featured_media":2983,"parent":1138,"menu_order":0,"comment_status":"closed","ping_status":"closed","template":"page-templates\/full-width.php","meta":{"footnotes":""},"class_list":["post-2982","page","type-page","status-publish","has-post-thumbnail","hentry"],"rise-blocks_excerpt":"INSTITUCIONAL GOVERNAN\u00c7A A FEMAR trabalha com uma estrutura simples, porem adequada para o desenvolvimento de suas atividades de Gerenciamento de Projetos e Ensino CONSELHO DE PARTICIPANTES CONSELHO CURADOR CONSELHO DIRETOR CONSELHO FISCAL CONSELHO EDITORIAL CONSELHO DE PARTICIPANTES Nome completo: MARCELO FRANCISCO CAMPOS Cargo: Presidente do Conselho Institui\u00e7\u00e3o: FEMAR Nome completo: H\u00c9LIO MOURINHO GARCIA JUNIOR Cargo: Membro do Conselho Institui\u00e7\u00e3o: Clube..","_links":{"self":[{"href":"https:\/\/fundacaofemar.org.br\/portalwordpress\/wp-json\/wp\/v2\/pages\/2982","targetHints":{"allow":["GET"]}}],"collection":[{"href":"https:\/\/fundacaofemar.org.br\/portalwordpress\/wp-json\/wp\/v2\/pages"}],"about":[{"href":"https:\/\/fundacaofemar.org.br\/portalwordpress\/wp-json\/wp\/v2\/types\/page"}],"author":[{"embeddable":true,"href":"https:\/\/fundacaofemar.org.br\/portalwordpress\/wp-json\/wp\/v2\/users\/2"}],"replies":[{"embeddable":true,"href":"https:\/\/fundacaofemar.org.br\/portalwordpress\/wp-json\/wp\/v2\/comments?post=2982"}],"version-history":[{"count":0,"href":"https:\/\/fundacaofemar.org.br\/portalwordpress\/wp-json\/wp\/v2\/pages\/2982\/revisions"}],"up":[{"embeddable":true,"href":"https:\/\/fundacaofemar.org.br\/portalwordpress\/wp-json\/wp\/v2\/pages\/1138"}],"wp:featuredmedia":[{"embeddable":true,"href":"https:\/\/fundacaofemar.org.br\/portalwordpress\/wp-json\/wp\/v2\/media\/2983"}],"wp:attachment":[{"href":"https:\/\/fundacaofemar.org.br\/portalwordpress\/wp-json\/wp\/v2\/media?parent=2982"}],"curies":[{"name":"wp","href":"https:\/\/api.w.org\/{rel}","templated":true}]}}