{"id":61377,"date":"2024-04-03T21:47:53","date_gmt":"2024-04-04T00:47:53","guid":{"rendered":"https:\/\/fundacaofemar.org.br\/portalwordpress\/?page_id=61377"},"modified":"2026-03-24T09:07:10","modified_gmt":"2026-03-24T12:07:10","slug":"transparencia-e-igualdade-salarial","status":"publish","type":"page","link":"https:\/\/fundacaofemar.org.br\/portalwordpress\/transparencia-e-igualdade-salarial\/","title":{"rendered":"Transpar\u00eancia e Igualdade Salarial"},"content":{"rendered":"<div class=\"post-content\">\t\t<div data-elementor-type=\"wp-page\" data-elementor-id=\"61377\" class=\"elementor elementor-61377\">\n\t\t\t\t\t\t<section class=\"elementor-section elementor-top-section elementor-element elementor-element-3f838e0f elementor-section-boxed elementor-section-height-default elementor-section-height-default\" data-id=\"3f838e0f\" data-element_type=\"section\">\n\t\t\t\t\t\t<div class=\"elementor-container elementor-column-gap-default\">\n\t\t\t\t\t<div class=\"elementor-column elementor-col-100 elementor-top-column elementor-element elementor-element-73279187\" data-id=\"73279187\" data-element_type=\"column\" data-settings=\"{&quot;background_background&quot;:&quot;classic&quot;}\">\n\t\t\t<div class=\"elementor-widget-wrap elementor-element-populated\">\n\t\t\t\t\t\t<div class=\"elementor-element elementor-element-439a2ba6 elementor-widget elementor-widget-heading\" data-id=\"439a2ba6\" data-element_type=\"widget\" data-widget_type=\"heading.default\">\n\t\t\t\t<div class=\"elementor-widget-container\">\n\t\t\t\t\t<h2 class=\"elementor-heading-title elementor-size-default\">Recursos Humanos<\/h2>\t\t\t\t<\/div>\n\t\t\t\t<\/div>\n\t\t\t\t<div class=\"elementor-element elementor-element-76e6b1af elementor-widget elementor-widget-heading\" data-id=\"76e6b1af\" data-element_type=\"widget\" data-widget_type=\"heading.default\">\n\t\t\t\t<div class=\"elementor-widget-container\">\n\t\t\t\t\t<h2 class=\"elementor-heading-title elementor-size-default\">Transpar\u00eancia e Igualdade Salarial<\/h2>\t\t\t\t<\/div>\n\t\t\t\t<\/div>\n\t\t\t\t<div class=\"elementor-element elementor-element-4eb0676 elementor-widget-divider--view-line elementor-widget elementor-widget-divider\" data-id=\"4eb0676\" data-element_type=\"widget\" data-widget_type=\"divider.default\">\n\t\t\t\t<div class=\"elementor-widget-container\">\n\t\t\t\t\t\t\t<div class=\"elementor-divider\">\n\t\t\t<span class=\"elementor-divider-separator\">\n\t\t\t\t\t\t<\/span>\n\t\t<\/div>\n\t\t\t\t\t\t<\/div>\n\t\t\t\t<\/div>\n\t\t\t\t\t<\/div>\n\t\t<\/div>\n\t\t\t\t\t<\/div>\n\t\t<\/section>\n\t\t\t\t<section class=\"elementor-section elementor-top-section elementor-element elementor-element-9eb35e1 elementor-section-boxed elementor-section-height-default elementor-section-height-default\" data-id=\"9eb35e1\" data-element_type=\"section\">\n\t\t\t\t\t\t<div class=\"elementor-container elementor-column-gap-default\">\n\t\t\t\t\t<div class=\"elementor-column elementor-col-100 elementor-top-column elementor-element elementor-element-b52da42\" data-id=\"b52da42\" data-element_type=\"column\">\n\t\t\t<div class=\"elementor-widget-wrap elementor-element-populated\">\n\t\t\t\t\t\t<div class=\"elementor-element elementor-element-8eaf6e9 elementor-widget elementor-widget-shortcode\" data-id=\"8eaf6e9\" data-element_type=\"widget\" data-widget_type=\"shortcode.default\">\n\t\t\t\t<div class=\"elementor-widget-container\">\n\t\t\t\t\t\t\t<div class=\"elementor-shortcode\"><div class=\"_df_book df-lite\" id=\"df_61319\"  _slug=\"programacao-de-cursos-2\" data-title=\"recursos-humanos-relatorio-de-transparencia\" wpoptions=\"true\" thumbtype=\"\" ><\/div><script class=\"df-shortcode-script\" nowprocket type=\"application\/javascript\">window.option_df_61319 = {\"webgl\":\"true\",\"outline\":[],\"autoEnableOutline\":\"false\",\"autoEnableThumbnail\":\"false\",\"overwritePDFOutline\":\"false\",\"direction\":\"1\",\"pageSize\":\"0\",\"pageMode\":\"0\",\"singlePageMode\":\"0\",\"source\":\"https:\\\/\\\/fundacaofemar.org.br\\\/portalwordpress\\\/wp-content\\\/uploads\\\/2026\\\/03\\\/Relatorio-Igualdade-Salarial-1o-Semestre.pdf\",\"wpOptions\":\"true\"}; if(window.DFLIP && window.DFLIP.parseBooks){window.DFLIP.parseBooks();}<\/script><\/div>\n\t\t\t\t\t\t<\/div>\n\t\t\t\t<\/div>\n\t\t\t\t\t<\/div>\n\t\t<\/div>\n\t\t\t\t\t<\/div>\n\t\t<\/section>\n\t\t\t\t<section class=\"elementor-section elementor-top-section elementor-element elementor-element-c7011d4 elementor-section-boxed elementor-section-height-default elementor-section-height-default\" data-id=\"c7011d4\" data-element_type=\"section\">\n\t\t\t\t\t\t<div class=\"elementor-container elementor-column-gap-default\">\n\t\t\t\t\t<div class=\"elementor-column elementor-col-100 elementor-top-column elementor-element elementor-element-22bc616\" data-id=\"22bc616\" data-element_type=\"column\">\n\t\t\t<div class=\"elementor-widget-wrap elementor-element-populated\">\n\t\t\t\t\t\t<div class=\"elementor-element elementor-element-a92147f elementor-widget elementor-widget-heading\" data-id=\"a92147f\" data-element_type=\"widget\" data-widget_type=\"heading.default\">\n\t\t\t\t<div class=\"elementor-widget-container\">\n\t\t\t\t\t<h2 class=\"elementor-heading-title elementor-size-default\">SAIBA MAIS<\/h2>\t\t\t\t<\/div>\n\t\t\t\t<\/div>\n\t\t\t\t\t<\/div>\n\t\t<\/div>\n\t\t\t\t\t<\/div>\n\t\t<\/section>\n\t\t\t\t<section class=\"elementor-section elementor-top-section elementor-element elementor-element-458712e1 elementor-section-boxed elementor-section-height-default elementor-section-height-default\" data-id=\"458712e1\" data-element_type=\"section\">\n\t\t\t\t\t\t<div class=\"elementor-container elementor-column-gap-default\">\n\t\t\t\t\t<div class=\"elementor-column elementor-col-100 elementor-top-column elementor-element elementor-element-7fe7f5d1\" data-id=\"7fe7f5d1\" data-element_type=\"column\">\n\t\t\t<div class=\"elementor-widget-wrap elementor-element-populated\">\n\t\t\t\t\t\t<div class=\"elementor-element elementor-element-244f67dc elementor-widget elementor-widget-heading\" data-id=\"244f67dc\" data-element_type=\"widget\" data-widget_type=\"heading.default\">\n\t\t\t\t<div class=\"elementor-widget-container\">\n\t\t\t\t\t<h2 class=\"elementor-heading-title elementor-size-default\">A legisla\u00e7\u00e3o acerca da Igualdade Salarial entre mulheres e homens  que engloba a Lei n\u00ba 14.611\/2023, o Decreto n\u00ba 11.795\/2023 e a Portaria MTE n\u00ba 3.714\/2023, foi criada com o intuito de evidenciar, combater e eliminar poss\u00edveis disparidades salariais baseadas em g\u00eanero e proporcionar maior seguran\u00e7a para as mulheres.<\/h2>\t\t\t\t<\/div>\n\t\t\t\t<\/div>\n\t\t\t\t<div class=\"elementor-element elementor-element-3dcfa39 elementor-widget elementor-widget-heading\" data-id=\"3dcfa39\" data-element_type=\"widget\" data-widget_type=\"heading.default\">\n\t\t\t\t<div class=\"elementor-widget-container\">\n\t\t\t\t\t<h2 class=\"elementor-heading-title elementor-size-default\">\u00c9 um importante instrumento para a efetiva\u00e7\u00e3o de direitos j\u00e1 previstos na Constitui\u00e7\u00e3o e na CLT com vistas \u00e0 promo\u00e7\u00e3o da igualdade de remunera\u00e7\u00e3o entre mulheres e homens que desempenham fun\u00e7\u00f5es equivalentes.<\/h2>\t\t\t\t<\/div>\n\t\t\t\t<\/div>\n\t\t\t\t<div class=\"elementor-element elementor-element-9d3b6c7 elementor-widget elementor-widget-heading\" data-id=\"9d3b6c7\" data-element_type=\"widget\" data-widget_type=\"heading.default\">\n\t\t\t\t<div class=\"elementor-widget-container\">\n\t\t\t\t\t<h2 class=\"elementor-heading-title elementor-size-default\">O Relat\u00f3rio \u00e9 um documento que utilizar\u00e1 informa\u00e7\u00f5es declaradas pelo representante (pessoa f\u00edsica) da empresa no Portal Emprega Brasil, bem como as demais informa\u00e7\u00f5es transmitidas no eSocial, para a verifica\u00e7\u00e3o da exist\u00eancia de diferen\u00e7as salariais entre mulheres e homens que ocupam o mesmo cargo. Todas as informa\u00e7\u00f5es ser\u00e3o consolidadas em um relat\u00f3rio pelo Minist\u00e9rio do Trabalho e Emprego e disponibilizados para dissemina\u00e7\u00e3o, tal como determina a legisla\u00e7\u00e3o, em mar\u00e7o e setembro de cada ano.<\/h2>\t\t\t\t<\/div>\n\t\t\t\t<\/div>\n\t\t\t\t\t<\/div>\n\t\t<\/div>\n\t\t\t\t\t<\/div>\n\t\t<\/section>\n\t\t\t\t<\/div>\n\t\t<\/div>","protected":false},"excerpt":{"rendered":"<p>Recursos Humanos Transpar\u00eancia e Igualdade Salarial SAIBA MAIS A legisla\u00e7\u00e3o acerca da Igualdade Salarial entre<a href=\"https:\/\/fundacaofemar.org.br\/portalwordpress\/transparencia-e-igualdade-salarial\/\" class=\"bizfit-read-more\">Leia Mais<i class=\"fa fa-long-arrow-right\" aria-hidden=\"true\"><\/i><\/a><\/p>\n","protected":false},"author":9,"featured_media":61315,"parent":0,"menu_order":0,"comment_status":"closed","ping_status":"open","template":"page-templates\/full-width.php","meta":{"footnotes":""},"class_list":["post-61377","page","type-page","status-publish","has-post-thumbnail","hentry"],"rise-blocks_excerpt":"Recursos Humanos Transpar\u00eancia e Igualdade Salarial SAIBA MAIS A legisla\u00e7\u00e3o acerca da Igualdade Salarial entre mulheres e homens que engloba a Lei n\u00ba 14.611\/2023, o Decreto n\u00ba 11.795\/2023 e a Portaria MTE n\u00ba 3.714\/2023, foi criada com o intuito de evidenciar, combater e eliminar poss\u00edveis disparidades salariais baseadas em g\u00eanero e proporcionar maior seguran\u00e7a para as mulheres. \u00c9 um importante..","_links":{"self":[{"href":"https:\/\/fundacaofemar.org.br\/portalwordpress\/wp-json\/wp\/v2\/pages\/61377","targetHints":{"allow":["GET"]}}],"collection":[{"href":"https:\/\/fundacaofemar.org.br\/portalwordpress\/wp-json\/wp\/v2\/pages"}],"about":[{"href":"https:\/\/fundacaofemar.org.br\/portalwordpress\/wp-json\/wp\/v2\/types\/page"}],"author":[{"embeddable":true,"href":"https:\/\/fundacaofemar.org.br\/portalwordpress\/wp-json\/wp\/v2\/users\/9"}],"replies":[{"embeddable":true,"href":"https:\/\/fundacaofemar.org.br\/portalwordpress\/wp-json\/wp\/v2\/comments?post=61377"}],"version-history":[{"count":0,"href":"https:\/\/fundacaofemar.org.br\/portalwordpress\/wp-json\/wp\/v2\/pages\/61377\/revisions"}],"wp:featuredmedia":[{"embeddable":true,"href":"https:\/\/fundacaofemar.org.br\/portalwordpress\/wp-json\/wp\/v2\/media\/61315"}],"wp:attachment":[{"href":"https:\/\/fundacaofemar.org.br\/portalwordpress\/wp-json\/wp\/v2\/media?parent=61377"}],"curies":[{"name":"wp","href":"https:\/\/api.w.org\/{rel}","templated":true}]}}